{"id":881,"date":"2023-11-15T21:50:40","date_gmt":"2023-11-15T21:50:40","guid":{"rendered":"https:\/\/aylus.ma\/?post_type=product&#038;p=881"},"modified":"2023-11-16T17:34:12","modified_gmt":"2023-11-16T17:34:12","slug":"h-case","status":"publish","type":"product","link":"https:\/\/aylus.ma\/en\/produit\/h-case\/","title":{"rendered":"H CASE"},"content":{"rendered":"<p>Les groupes de condensation H Case sont de petite et moyenne capacit\u00e9, con\u00e7ues pour les applications commerciales , elles sont constitu\u00e9es d\u2019 un\u00a0 condenseur avec moto ventilateurs AC, d\u2019un compresseur TECUMSEH avec rota lock connections, r\u00e9servoir liquide , cartouche d\u00e9shydrater , voyant , variateur de vitesse de marque DANFOSS et une armoire \u00e9lectrique<\/p>\n<ul>\n<li>Des \u00e9l\u00e9ments optionnels peuvent s\u2019ajouter selon le besoin adapt\u00e9 \u00e0 nos clients.<\/li>\n<\/ul>\n","protected":false},"excerpt":{"rendered":"<p><a href=\"http:\/\/wwww\"> T\u00e9l\u00e9chargez notre brochure <\/a><\/p>\n<p><a href=\"https:\/\/aylus.ma\/wp-content\/uploads\/2023\/11\/telecharger-notre-brochure-page-boutique.png\"><img fetchpriority=\"high\" decoding=\"async\" class=\"\" src=\"https:\/\/aylus.ma\/wp-content\/uploads\/2023\/11\/telecharger-notre-brochure-page-boutique.png\" width=\"338\" height=\"228\" \/><\/a><\/p>\n","protected":false},"featured_media":882,"comment_status":"open","ping_status":"closed","template":"","meta":[],"product_cat":[19],"product_tag":[],"class_list":["post-881","product","type-product","status-publish","has-post-thumbnail","hentry","product_cat-condensing-units"],"yoast_head":"<!-- This site is optimized with the Yoast SEO plugin v22.1 - https:\/\/yoast.com\/wordpress\/plugins\/seo\/ -->\n<title>H CASE - AYLUS Maroc - La passion du froid<\/title>\n<meta name=\"robots\" content=\"index, follow, max-snippet:-1, max-image-preview:large, max-video-preview:-1\" \/>\n<link rel=\"canonical\" href=\"https:\/\/aylus.ma\/produit\/h-case\/\" \/>\n<meta property=\"og:locale\" content=\"en_US\" \/>\n<meta property=\"og:type\" content=\"article\" \/>\n<meta property=\"og:title\" content=\"H CASE\" \/>\n<meta property=\"og:description\" content=\"T\u00e9l\u00e9chargez notre brochure\" \/>\n<meta property=\"og:url\" content=\"https:\/\/aylus.ma\/produit\/h-case\/\" \/>\n<meta property=\"og:site_name\" content=\"AYLUS Maroc - La passion du froid\" \/>\n<meta property=\"article:publisher\" content=\"https:\/\/web.facebook.com\/yassine.aylus\/\" \/>\n<meta property=\"article:modified_time\" content=\"2023-11-16T17:34:12+00:00\" \/>\n<meta property=\"og:image\" content=\"https:\/\/aylus.ma\/wp-content\/uploads\/2023\/11\/HCASE-PRODUCT.png\" \/>\n\t<meta property=\"og:image:width\" content=\"600\" \/>\n\t<meta property=\"og:image:height\" content=\"600\" \/>\n\t<meta property=\"og:image:type\" content=\"image\/png\" \/>\n<meta name=\"twitter:card\" content=\"summary_large_image\" \/>\n<script type=\"application\/ld+json\" class=\"yoast-schema-graph\">{\"@context\":\"https:\/\/schema.org\",\"@graph\":[{\"@type\":\"WebPage\",\"@id\":\"https:\/\/aylus.ma\/produit\/h-case\/\",\"url\":\"https:\/\/aylus.ma\/produit\/h-case\/\",\"name\":\"[:fr]H CASE[:] - AYLUS Maroc - La passion du froid\",\"isPartOf\":{\"@id\":\"https:\/\/aylus.ma\/#website\"},\"datePublished\":\"2023-11-15T21:50:40+00:00\",\"dateModified\":\"2023-11-16T17:34:12+00:00\",\"breadcrumb\":{\"@id\":\"https:\/\/aylus.ma\/produit\/h-case\/#breadcrumb\"},\"inLanguage\":\"en-US\",\"potentialAction\":[{\"@type\":\"ReadAction\",\"target\":[\"https:\/\/aylus.ma\/produit\/h-case\/\"]}]},{\"@type\":\"BreadcrumbList\",\"@id\":\"https:\/\/aylus.ma\/produit\/h-case\/#breadcrumb\",\"itemListElement\":[{\"@type\":\"ListItem\",\"position\":1,\"name\":\"Accueil\",\"item\":\"https:\/\/aylus.ma\/\"},{\"@type\":\"ListItem\",\"position\":2,\"name\":\"Boutique\",\"item\":\"https:\/\/aylus.ma\/boutique\/\"},{\"@type\":\"ListItem\",\"position\":3,\"name\":\"H CASE\"}]},{\"@type\":\"WebSite\",\"@id\":\"https:\/\/aylus.ma\/#website\",\"url\":\"https:\/\/aylus.ma\/\",\"name\":\"Aylus.ma - La passion du froid\",\"description\":\"\",\"publisher\":{\"@id\":\"https:\/\/aylus.ma\/#organization\"},\"potentialAction\":[{\"@type\":\"SearchAction\",\"target\":{\"@type\":\"EntryPoint\",\"urlTemplate\":\"https:\/\/aylus.ma\/?s={search_term_string}\"},\"query-input\":\"required name=search_term_string\"}],\"inLanguage\":\"en-US\"},{\"@type\":\"Organization\",\"@id\":\"https:\/\/aylus.ma\/#organization\",\"name\":\"Aylus.ma - La passion du froid\",\"url\":\"https:\/\/aylus.ma\/\",\"logo\":{\"@type\":\"ImageObject\",\"inLanguage\":\"en-US\",\"@id\":\"https:\/\/aylus.ma\/#\/schema\/logo\/image\/\",\"url\":\"https:\/\/aylus.ma\/wp-content\/uploads\/2023\/11\/cropped-aylus-logo-white-blue.png\",\"contentUrl\":\"https:\/\/aylus.ma\/wp-content\/uploads\/2023\/11\/cropped-aylus-logo-white-blue.png\",\"width\":890,\"height\":280,\"caption\":\"Aylus.ma - La passion du froid\"},\"image\":{\"@id\":\"https:\/\/aylus.ma\/#\/schema\/logo\/image\/\"},\"sameAs\":[\"https:\/\/web.facebook.com\/yassine.aylus\/\",\"https:\/\/linkedin.com\/company\/aylus-refrigeration\"]}]}<\/script>\n<!-- \/ Yoast SEO plugin. -->","yoast_head_json":{"title":"H CASE - AYLUS Maroc - La passion du froid","robots":{"index":"index","follow":"follow","max-snippet":"max-snippet:-1","max-image-preview":"max-image-preview:large","max-video-preview":"max-video-preview:-1"},"canonical":"https:\/\/aylus.ma\/produit\/h-case\/","og_locale":"en_US","og_type":"article","og_title":"[:fr]H CASE[:] - AYLUS Maroc - La passion du froid","og_description":"[:fr] T\u00e9l\u00e9chargez notre brochure   [:]","og_url":"https:\/\/aylus.ma\/produit\/h-case\/","og_site_name":"AYLUS Maroc - La passion du froid","article_publisher":"https:\/\/web.facebook.com\/yassine.aylus\/","article_modified_time":"2023-11-16T17:34:12+00:00","og_image":[{"width":600,"height":600,"url":"https:\/\/aylus.ma\/wp-content\/uploads\/2023\/11\/HCASE-PRODUCT.png","type":"image\/png"}],"twitter_card":"summary_large_image","schema":{"@context":"https:\/\/schema.org","@graph":[{"@type":"WebPage","@id":"https:\/\/aylus.ma\/produit\/h-case\/","url":"https:\/\/aylus.ma\/produit\/h-case\/","name":"[:fr]H CASE[:] - AYLUS Maroc - La passion du froid","isPartOf":{"@id":"https:\/\/aylus.ma\/#website"},"datePublished":"2023-11-15T21:50:40+00:00","dateModified":"2023-11-16T17:34:12+00:00","breadcrumb":{"@id":"https:\/\/aylus.ma\/produit\/h-case\/#breadcrumb"},"inLanguage":"en-US","potentialAction":[{"@type":"ReadAction","target":["https:\/\/aylus.ma\/produit\/h-case\/"]}]},{"@type":"BreadcrumbList","@id":"https:\/\/aylus.ma\/produit\/h-case\/#breadcrumb","itemListElement":[{"@type":"ListItem","position":1,"name":"Accueil","item":"https:\/\/aylus.ma\/"},{"@type":"ListItem","position":2,"name":"Boutique","item":"https:\/\/aylus.ma\/boutique\/"},{"@type":"ListItem","position":3,"name":"H CASE"}]},{"@type":"WebSite","@id":"https:\/\/aylus.ma\/#website","url":"https:\/\/aylus.ma\/","name":"Aylus.ma - La passion du froid","description":"","publisher":{"@id":"https:\/\/aylus.ma\/#organization"},"potentialAction":[{"@type":"SearchAction","target":{"@type":"EntryPoint","urlTemplate":"https:\/\/aylus.ma\/?s={search_term_string}"},"query-input":"required name=search_term_string"}],"inLanguage":"en-US"},{"@type":"Organization","@id":"https:\/\/aylus.ma\/#organization","name":"Aylus.ma - La passion du froid","url":"https:\/\/aylus.ma\/","logo":{"@type":"ImageObject","inLanguage":"en-US","@id":"https:\/\/aylus.ma\/#\/schema\/logo\/image\/","url":"https:\/\/aylus.ma\/wp-content\/uploads\/2023\/11\/cropped-aylus-logo-white-blue.png","contentUrl":"https:\/\/aylus.ma\/wp-content\/uploads\/2023\/11\/cropped-aylus-logo-white-blue.png","width":890,"height":280,"caption":"Aylus.ma - La passion du froid"},"image":{"@id":"https:\/\/aylus.ma\/#\/schema\/logo\/image\/"},"sameAs":["https:\/\/web.facebook.com\/yassine.aylus\/","https:\/\/linkedin.com\/company\/aylus-refrigeration"]}]}},"_links":{"self":[{"href":"https:\/\/aylus.ma\/en\/wp-json\/wp\/v2\/product\/881","targetHints":{"allow":["GET"]}}],"collection":[{"href":"https:\/\/aylus.ma\/en\/wp-json\/wp\/v2\/product"}],"about":[{"href":"https:\/\/aylus.ma\/en\/wp-json\/wp\/v2\/types\/product"}],"replies":[{"embeddable":true,"href":"https:\/\/aylus.ma\/en\/wp-json\/wp\/v2\/comments?post=881"}],"wp:featuredmedia":[{"embeddable":true,"href":"https:\/\/aylus.ma\/en\/wp-json\/wp\/v2\/media\/882"}],"wp:attachment":[{"href":"https:\/\/aylus.ma\/en\/wp-json\/wp\/v2\/media?parent=881"}],"wp:term":[{"taxonomy":"product_cat","embeddable":true,"href":"https:\/\/aylus.ma\/en\/wp-json\/wp\/v2\/product_cat?post=881"},{"taxonomy":"product_tag","embeddable":true,"href":"https:\/\/aylus.ma\/en\/wp-json\/wp\/v2\/product_tag?post=881"}],"curies":[{"name":"wp","href":"https:\/\/api.w.org\/{rel}","templated":true}]}}