{"id":876,"date":"2023-11-15T21:27:10","date_gmt":"2023-11-15T21:27:10","guid":{"rendered":"https:\/\/aylus.ma\/?post_type=product&#038;p=876"},"modified":"2023-11-16T17:25:42","modified_gmt":"2023-11-16T17:25:42","slug":"sh-case","status":"publish","type":"product","link":"https:\/\/aylus.ma\/en\/produit\/sh-case\/","title":{"rendered":"SH Case"},"content":{"rendered":"<p>Les groupes de condensation SH Case ont une gamme de capacit\u00e9 de r\u00e9frig\u00e9ration allant de 15 kW \u00e0 40 kW. Elles sont con\u00e7ues sur un ch\u00e2ssis compact, parfaitement adapt\u00e9 aux petites applications commerciales telles que les sup\u00e9rettes, les petites chambres froides dot\u00e9s d\u2019un condenseur \u00e0 ailettes en cuivre, des compresseurs Bitzer avec r\u00e9sistantes chauffantes de carter et des ventilateurs axiaux AC\/EC \u00e0 haut rendement. Ils sont construits dans un cadre en acier ferm\u00e9 avec une grille de protection du condenseur.<\/p>\n<p>L\u2019armoire \u00e9lectrique comprend un relais, une protection contre la surchauffe du compresseur et du moteur du ventilateur, un contacteur et un interrupteur principal.<\/p>\n","protected":false},"excerpt":{"rendered":"<p><a href=\"http:\/\/wwww\"> T\u00e9l\u00e9chargez notre brochure <\/a><\/p>\n<p><a href=\"https:\/\/aylus.ma\/wp-content\/uploads\/2023\/11\/telecharger-notre-brochure-page-boutique.png\"><img fetchpriority=\"high\" decoding=\"async\" class=\"\" src=\"https:\/\/aylus.ma\/wp-content\/uploads\/2023\/11\/telecharger-notre-brochure-page-boutique.png\" width=\"338\" height=\"228\" \/><\/a><\/p>\n","protected":false},"featured_media":888,"comment_status":"open","ping_status":"closed","template":"","meta":[],"product_cat":[19],"product_tag":[],"class_list":["post-876","product","type-product","status-publish","has-post-thumbnail","hentry","product_cat-condensing-units"],"yoast_head":"<!-- This site is optimized with the Yoast SEO plugin v22.1 - https:\/\/yoast.com\/wordpress\/plugins\/seo\/ -->\n<title>SH Case - AYLUS Maroc - La passion du froid<\/title>\n<meta name=\"robots\" content=\"index, follow, max-snippet:-1, max-image-preview:large, max-video-preview:-1\" \/>\n<link rel=\"canonical\" href=\"https:\/\/aylus.ma\/produit\/sh-case\/\" \/>\n<meta property=\"og:locale\" content=\"en_US\" \/>\n<meta property=\"og:type\" content=\"article\" \/>\n<meta property=\"og:title\" content=\"SH Case\" \/>\n<meta property=\"og:description\" content=\"T\u00e9l\u00e9chargez notre brochure\" \/>\n<meta property=\"og:url\" content=\"https:\/\/aylus.ma\/produit\/sh-case\/\" \/>\n<meta property=\"og:site_name\" content=\"AYLUS Maroc - La passion du froid\" \/>\n<meta property=\"article:publisher\" content=\"https:\/\/web.facebook.com\/yassine.aylus\/\" \/>\n<meta property=\"article:modified_time\" content=\"2023-11-16T17:25:42+00:00\" \/>\n<meta property=\"og:image\" content=\"https:\/\/aylus.ma\/wp-content\/uploads\/2023\/11\/SH-CASE-produit.png\" \/>\n\t<meta property=\"og:image:width\" content=\"600\" \/>\n\t<meta property=\"og:image:height\" content=\"600\" \/>\n\t<meta property=\"og:image:type\" content=\"image\/png\" \/>\n<meta name=\"twitter:card\" content=\"summary_large_image\" \/>\n<meta name=\"twitter:label1\" content=\"Est. reading time\" \/>\n\t<meta name=\"twitter:data1\" content=\"1 minute\" \/>\n<script type=\"application\/ld+json\" class=\"yoast-schema-graph\">{\"@context\":\"https:\/\/schema.org\",\"@graph\":[{\"@type\":\"WebPage\",\"@id\":\"https:\/\/aylus.ma\/produit\/sh-case\/\",\"url\":\"https:\/\/aylus.ma\/produit\/sh-case\/\",\"name\":\"[:fr]SH Case[:] - AYLUS Maroc - La passion du froid\",\"isPartOf\":{\"@id\":\"https:\/\/aylus.ma\/#website\"},\"datePublished\":\"2023-11-15T21:27:10+00:00\",\"dateModified\":\"2023-11-16T17:25:42+00:00\",\"breadcrumb\":{\"@id\":\"https:\/\/aylus.ma\/produit\/sh-case\/#breadcrumb\"},\"inLanguage\":\"en-US\",\"potentialAction\":[{\"@type\":\"ReadAction\",\"target\":[\"https:\/\/aylus.ma\/produit\/sh-case\/\"]}]},{\"@type\":\"BreadcrumbList\",\"@id\":\"https:\/\/aylus.ma\/produit\/sh-case\/#breadcrumb\",\"itemListElement\":[{\"@type\":\"ListItem\",\"position\":1,\"name\":\"Accueil\",\"item\":\"https:\/\/aylus.ma\/\"},{\"@type\":\"ListItem\",\"position\":2,\"name\":\"Boutique\",\"item\":\"https:\/\/aylus.ma\/boutique\/\"},{\"@type\":\"ListItem\",\"position\":3,\"name\":\"SH Case\"}]},{\"@type\":\"WebSite\",\"@id\":\"https:\/\/aylus.ma\/#website\",\"url\":\"https:\/\/aylus.ma\/\",\"name\":\"Aylus.ma - La passion du froid\",\"description\":\"\",\"publisher\":{\"@id\":\"https:\/\/aylus.ma\/#organization\"},\"potentialAction\":[{\"@type\":\"SearchAction\",\"target\":{\"@type\":\"EntryPoint\",\"urlTemplate\":\"https:\/\/aylus.ma\/?s={search_term_string}\"},\"query-input\":\"required name=search_term_string\"}],\"inLanguage\":\"en-US\"},{\"@type\":\"Organization\",\"@id\":\"https:\/\/aylus.ma\/#organization\",\"name\":\"Aylus.ma - La passion du froid\",\"url\":\"https:\/\/aylus.ma\/\",\"logo\":{\"@type\":\"ImageObject\",\"inLanguage\":\"en-US\",\"@id\":\"https:\/\/aylus.ma\/#\/schema\/logo\/image\/\",\"url\":\"https:\/\/aylus.ma\/wp-content\/uploads\/2023\/11\/cropped-aylus-logo-white-blue.png\",\"contentUrl\":\"https:\/\/aylus.ma\/wp-content\/uploads\/2023\/11\/cropped-aylus-logo-white-blue.png\",\"width\":890,\"height\":280,\"caption\":\"Aylus.ma - La passion du froid\"},\"image\":{\"@id\":\"https:\/\/aylus.ma\/#\/schema\/logo\/image\/\"},\"sameAs\":[\"https:\/\/web.facebook.com\/yassine.aylus\/\",\"https:\/\/linkedin.com\/company\/aylus-refrigeration\"]}]}<\/script>\n<!-- \/ Yoast SEO plugin. -->","yoast_head_json":{"title":"SH Case - AYLUS Maroc - La passion du froid","robots":{"index":"index","follow":"follow","max-snippet":"max-snippet:-1","max-image-preview":"max-image-preview:large","max-video-preview":"max-video-preview:-1"},"canonical":"https:\/\/aylus.ma\/produit\/sh-case\/","og_locale":"en_US","og_type":"article","og_title":"[:fr]SH Case[:] - AYLUS Maroc - La passion du froid","og_description":"[:fr] T\u00e9l\u00e9chargez notre brochure   [:]","og_url":"https:\/\/aylus.ma\/produit\/sh-case\/","og_site_name":"AYLUS Maroc - La passion du froid","article_publisher":"https:\/\/web.facebook.com\/yassine.aylus\/","article_modified_time":"2023-11-16T17:25:42+00:00","og_image":[{"width":600,"height":600,"url":"https:\/\/aylus.ma\/wp-content\/uploads\/2023\/11\/SH-CASE-produit.png","type":"image\/png"}],"twitter_card":"summary_large_image","twitter_misc":{"Est. reading time":"1 minute"},"schema":{"@context":"https:\/\/schema.org","@graph":[{"@type":"WebPage","@id":"https:\/\/aylus.ma\/produit\/sh-case\/","url":"https:\/\/aylus.ma\/produit\/sh-case\/","name":"[:fr]SH Case[:] - AYLUS Maroc - La passion du froid","isPartOf":{"@id":"https:\/\/aylus.ma\/#website"},"datePublished":"2023-11-15T21:27:10+00:00","dateModified":"2023-11-16T17:25:42+00:00","breadcrumb":{"@id":"https:\/\/aylus.ma\/produit\/sh-case\/#breadcrumb"},"inLanguage":"en-US","potentialAction":[{"@type":"ReadAction","target":["https:\/\/aylus.ma\/produit\/sh-case\/"]}]},{"@type":"BreadcrumbList","@id":"https:\/\/aylus.ma\/produit\/sh-case\/#breadcrumb","itemListElement":[{"@type":"ListItem","position":1,"name":"Accueil","item":"https:\/\/aylus.ma\/"},{"@type":"ListItem","position":2,"name":"Boutique","item":"https:\/\/aylus.ma\/boutique\/"},{"@type":"ListItem","position":3,"name":"SH Case"}]},{"@type":"WebSite","@id":"https:\/\/aylus.ma\/#website","url":"https:\/\/aylus.ma\/","name":"Aylus.ma - La passion du froid","description":"","publisher":{"@id":"https:\/\/aylus.ma\/#organization"},"potentialAction":[{"@type":"SearchAction","target":{"@type":"EntryPoint","urlTemplate":"https:\/\/aylus.ma\/?s={search_term_string}"},"query-input":"required name=search_term_string"}],"inLanguage":"en-US"},{"@type":"Organization","@id":"https:\/\/aylus.ma\/#organization","name":"Aylus.ma - La passion du froid","url":"https:\/\/aylus.ma\/","logo":{"@type":"ImageObject","inLanguage":"en-US","@id":"https:\/\/aylus.ma\/#\/schema\/logo\/image\/","url":"https:\/\/aylus.ma\/wp-content\/uploads\/2023\/11\/cropped-aylus-logo-white-blue.png","contentUrl":"https:\/\/aylus.ma\/wp-content\/uploads\/2023\/11\/cropped-aylus-logo-white-blue.png","width":890,"height":280,"caption":"Aylus.ma - La passion du froid"},"image":{"@id":"https:\/\/aylus.ma\/#\/schema\/logo\/image\/"},"sameAs":["https:\/\/web.facebook.com\/yassine.aylus\/","https:\/\/linkedin.com\/company\/aylus-refrigeration"]}]}},"_links":{"self":[{"href":"https:\/\/aylus.ma\/en\/wp-json\/wp\/v2\/product\/876","targetHints":{"allow":["GET"]}}],"collection":[{"href":"https:\/\/aylus.ma\/en\/wp-json\/wp\/v2\/product"}],"about":[{"href":"https:\/\/aylus.ma\/en\/wp-json\/wp\/v2\/types\/product"}],"replies":[{"embeddable":true,"href":"https:\/\/aylus.ma\/en\/wp-json\/wp\/v2\/comments?post=876"}],"wp:featuredmedia":[{"embeddable":true,"href":"https:\/\/aylus.ma\/en\/wp-json\/wp\/v2\/media\/888"}],"wp:attachment":[{"href":"https:\/\/aylus.ma\/en\/wp-json\/wp\/v2\/media?parent=876"}],"wp:term":[{"taxonomy":"product_cat","embeddable":true,"href":"https:\/\/aylus.ma\/en\/wp-json\/wp\/v2\/product_cat?post=876"},{"taxonomy":"product_tag","embeddable":true,"href":"https:\/\/aylus.ma\/en\/wp-json\/wp\/v2\/product_tag?post=876"}],"curies":[{"name":"wp","href":"https:\/\/api.w.org\/{rel}","templated":true}]}}