{"id":79,"date":"2023-11-10T09:54:10","date_gmt":"2023-11-10T09:54:10","guid":{"rendered":"https:\/\/aylus.ma\/?page_id=79"},"modified":"2023-11-21T22:06:20","modified_gmt":"2023-11-21T22:06:20","slug":"rack-compressors","status":"publish","type":"page","link":"https:\/\/aylus.ma\/en\/rack-compressors\/","title":{"rendered":"Rack Compressors\u200b"},"content":{"rendered":"\t\t<div data-elementor-type=\"wp-page\" data-elementor-id=\"79\" class=\"elementor elementor-79\">\n\t\t\t\t\t\t\t<div class=\"elementor-element elementor-element-d0ebe65 e-flex e-con-boxed e-con e-parent\" data-id=\"d0ebe65\" data-element_type=\"container\" data-settings=\"{&quot;container_type&quot;:&quot;flex&quot;,&quot;content_width&quot;:&quot;boxed&quot;}\" data-core-v316-plus=\"true\">\n\t\t\t\t\t<div class=\"e-con-inner\">\n\t\t<div class=\"elementor-element elementor-element-0187208 e-con-full e-flex e-con e-child\" data-id=\"0187208\" data-element_type=\"container\" data-settings=\"{&quot;content_width&quot;:&quot;full&quot;,&quot;container_type&quot;:&quot;flex&quot;}\">\n\t\t\t\t<div class=\"elementor-element elementor-element-9c0276e elementor-widget elementor-widget-image\" data-id=\"9c0276e\" data-element_type=\"widget\" data-widget_type=\"image.default\">\n\t\t\t\t<div class=\"elementor-widget-container\">\n\t\t\t<style>\/*! elementor - v3.17.0 - 08-11-2023 *\/\n.elementor-widget-image{text-align:center}.elementor-widget-image a{display:inline-block}.elementor-widget-image a img[src$=\".svg\"]{width:48px}.elementor-widget-image img{vertical-align:middle;display:inline-block}<\/style>\t\t\t\t\t\t\t\t\t\t\t\t<img fetchpriority=\"high\" decoding=\"async\" width=\"693\" height=\"542\" src=\"https:\/\/aylus.ma\/wp-content\/uploads\/2023\/11\/product2.png\" class=\"attachment-1536x1536 size-1536x1536 wp-image-69\" alt=\"RACK COMPRESSEURS\" srcset=\"https:\/\/aylus.ma\/wp-content\/uploads\/2023\/11\/product2.png 693w, https:\/\/aylus.ma\/wp-content\/uploads\/2023\/11\/product2-600x469.png 600w, https:\/\/aylus.ma\/wp-content\/uploads\/2023\/11\/product2-300x235.png 300w\" sizes=\"(max-width: 693px) 100vw, 693px\" \/>\t\t\t\t\t\t\t\t\t\t\t\t\t\t\t<\/div>\n\t\t\t\t<\/div>\n\t\t<div class=\"elementor-element elementor-element-4f26ce7 e-transform e-flex e-con-boxed e-con e-child\" data-id=\"4f26ce7\" data-element_type=\"container\" data-settings=\"{&quot;_transform_translateX_effect&quot;:{&quot;unit&quot;:&quot;px&quot;,&quot;size&quot;:25,&quot;sizes&quot;:[]},&quot;_transform_translateY_effect&quot;:{&quot;unit&quot;:&quot;px&quot;,&quot;size&quot;:-85,&quot;sizes&quot;:[]},&quot;container_type&quot;:&quot;flex&quot;,&quot;content_width&quot;:&quot;boxed&quot;,&quot;_transform_translateX_effect_tablet&quot;:{&quot;unit&quot;:&quot;px&quot;,&quot;size&quot;:&quot;&quot;,&quot;sizes&quot;:[]},&quot;_transform_translateX_effect_mobile&quot;:{&quot;unit&quot;:&quot;px&quot;,&quot;size&quot;:&quot;&quot;,&quot;sizes&quot;:[]},&quot;_transform_translateY_effect_tablet&quot;:{&quot;unit&quot;:&quot;px&quot;,&quot;size&quot;:&quot;&quot;,&quot;sizes&quot;:[]},&quot;_transform_translateY_effect_mobile&quot;:{&quot;unit&quot;:&quot;px&quot;,&quot;size&quot;:&quot;&quot;,&quot;sizes&quot;:[]}}\">\n\t\t\t\t\t<div class=\"e-con-inner\">\n\t\t\t\t\t<\/div>\n\t\t\t\t<\/div>\n\t\t\t\t<\/div>\n\t\t<div class=\"elementor-element elementor-element-10ac4d8 e-con-full e-flex e-con e-child\" data-id=\"10ac4d8\" data-element_type=\"container\" data-settings=\"{&quot;content_width&quot;:&quot;full&quot;,&quot;container_type&quot;:&quot;flex&quot;}\">\n\t\t<div class=\"elementor-element elementor-element-3b53236 e-flex e-con-boxed e-con e-child\" data-id=\"3b53236\" data-element_type=\"container\" data-settings=\"{&quot;container_type&quot;:&quot;flex&quot;,&quot;content_width&quot;:&quot;boxed&quot;}\">\n\t\t\t\t\t<div class=\"e-con-inner\">\n\t\t\t\t<div class=\"elementor-element elementor-element-9de7312 elementor-widget elementor-widget-text-editor\" data-id=\"9de7312\" data-element_type=\"widget\" data-widget_type=\"text-editor.default\">\n\t\t\t\t<div class=\"elementor-widget-container\">\n\t\t\t<style>\/*! elementor - v3.17.0 - 08-11-2023 *\/\n.elementor-widget-text-editor.elementor-drop-cap-view-stacked .elementor-drop-cap{background-color:#69727d;color:#fff}.elementor-widget-text-editor.elementor-drop-cap-view-framed .elementor-drop-cap{color:#69727d;border:3px solid;background-color:transparent}.elementor-widget-text-editor:not(.elementor-drop-cap-view-default) .elementor-drop-cap{margin-top:8px}.elementor-widget-text-editor:not(.elementor-drop-cap-view-default) .elementor-drop-cap-letter{width:1em;height:1em}.elementor-widget-text-editor .elementor-drop-cap{float:left;text-align:center;line-height:1;font-size:50px}.elementor-widget-text-editor .elementor-drop-cap-letter{display:inline-block}<\/style>\t\t\t\t<p><strong>Les compresseurs Rack<\/strong> sont des groupes compresseurs \u00e0 large gamme de capacit\u00e9s avec une capacit\u00e9 de refroidissement de <strong>50 kW \u00e0 900 kW<\/strong>, parfaitement adapt\u00e9s aux applications de diff\u00e9rentes tailles.<\/p><p>Assembl\u00e9 sur un ch\u00e2ssis soud\u00e9 ouvert avec un profil standard, ce rack compresseur est \u00e9galement disponible dans une construction \u00e0 deux \u00e9tages pour une capacit\u00e9 plus \u00e9lev\u00e9e. Le rack compresseur comprend \u00e9galement des filtres d\u00e9shydrateurs , un r\u00e9servoir liquide et un voyant. Une soupape de s\u00e9curit\u00e9 et des pressostats sont ajout\u00e9s pour augmenter la s\u00e9curit\u00e9 de l&#8217;unit\u00e9.<\/p>\t\t\t\t\t\t<\/div>\n\t\t\t\t<\/div>\n\t\t\t\t<div class=\"elementor-element elementor-element-61bf280 elementor-invisible elementor-widget elementor-widget-button\" data-id=\"61bf280\" data-element_type=\"widget\" data-settings=\"{&quot;_animation&quot;:&quot;bounce&quot;}\" data-widget_type=\"button.default\">\n\t\t\t\t<div class=\"elementor-widget-container\">\n\t\t\t\t\t<div class=\"elementor-button-wrapper\">\n\t\t\t<a class=\"elementor-button elementor-button-link elementor-size-lg\" href=\"https:\/\/aylus.ma\/?page_id=25\">\n\t\t\t\t\t\t<span class=\"elementor-button-content-wrapper\">\n\t\t\t\t\t\t<span class=\"elementor-button-text\">Contactez-nous<\/span>\n\t\t<\/span>\n\t\t\t\t\t<\/a>\n\t\t<\/div>\n\t\t\t\t<\/div>\n\t\t\t\t<\/div>\n\t\t\t\t\t<\/div>\n\t\t\t\t<\/div>\n\t\t\t\t<\/div>\n\t\t\t\t\t<\/div>\n\t\t\t\t<\/div>\n\t\t<div class=\"elementor-element elementor-element-3367dd3 e-transform e-flex e-con-boxed e-con e-parent\" data-id=\"3367dd3\" data-element_type=\"container\" data-settings=\"{&quot;_transform_translateY_effect&quot;:{&quot;unit&quot;:&quot;px&quot;,&quot;size&quot;:-110,&quot;sizes&quot;:[]},&quot;container_type&quot;:&quot;flex&quot;,&quot;content_width&quot;:&quot;boxed&quot;,&quot;_transform_translateX_effect&quot;:{&quot;unit&quot;:&quot;px&quot;,&quot;size&quot;:&quot;&quot;,&quot;sizes&quot;:[]},&quot;_transform_translateX_effect_tablet&quot;:{&quot;unit&quot;:&quot;px&quot;,&quot;size&quot;:&quot;&quot;,&quot;sizes&quot;:[]},&quot;_transform_translateX_effect_mobile&quot;:{&quot;unit&quot;:&quot;px&quot;,&quot;size&quot;:&quot;&quot;,&quot;sizes&quot;:[]},&quot;_transform_translateY_effect_tablet&quot;:{&quot;unit&quot;:&quot;px&quot;,&quot;size&quot;:&quot;&quot;,&quot;sizes&quot;:[]},&quot;_transform_translateY_effect_mobile&quot;:{&quot;unit&quot;:&quot;px&quot;,&quot;size&quot;:&quot;&quot;,&quot;sizes&quot;:[]}}\" data-core-v316-plus=\"true\">\n\t\t\t\t\t<div class=\"e-con-inner\">\n\t\t<div class=\"elementor-element elementor-element-c13159d e-flex e-con-boxed e-con e-child\" data-id=\"c13159d\" data-element_type=\"container\" data-settings=\"{&quot;container_type&quot;:&quot;flex&quot;,&quot;content_width&quot;:&quot;boxed&quot;}\">\n\t\t\t\t\t<div class=\"e-con-inner\">\n\t\t\t\t<div class=\"elementor-element elementor-element-feec4e4 elementor-widget-divider--separator-type-pattern elementor-widget-divider--bg-round elementor-widget-divider--view-line elementor-widget elementor-widget-divider\" data-id=\"feec4e4\" data-element_type=\"widget\" data-widget_type=\"divider.default\">\n\t\t\t\t<div class=\"elementor-widget-container\">\n\t\t\t<style>\/*! elementor - v3.17.0 - 08-11-2023 *\/\n.elementor-widget-divider{--divider-border-style:none;--divider-border-width:1px;--divider-color:#0c0d0e;--divider-icon-size:20px;--divider-element-spacing:10px;--divider-pattern-height:24px;--divider-pattern-size:20px;--divider-pattern-url:none;--divider-pattern-repeat:repeat-x}.elementor-widget-divider .elementor-divider{display:flex}.elementor-widget-divider .elementor-divider__text{font-size:15px;line-height:1;max-width:95%}.elementor-widget-divider .elementor-divider__element{margin:0 var(--divider-element-spacing);flex-shrink:0}.elementor-widget-divider .elementor-icon{font-size:var(--divider-icon-size)}.elementor-widget-divider .elementor-divider-separator{display:flex;margin:0;direction:ltr}.elementor-widget-divider--view-line_icon .elementor-divider-separator,.elementor-widget-divider--view-line_text .elementor-divider-separator{align-items:center}.elementor-widget-divider--view-line_icon .elementor-divider-separator:after,.elementor-widget-divider--view-line_icon .elementor-divider-separator:before,.elementor-widget-divider--view-line_text .elementor-divider-separator:after,.elementor-widget-divider--view-line_text .elementor-divider-separator:before{display:block;content:\"\";border-bottom:0;flex-grow:1;border-top:var(--divider-border-width) var(--divider-border-style) var(--divider-color)}.elementor-widget-divider--element-align-left .elementor-divider .elementor-divider-separator>.elementor-divider__svg:first-of-type{flex-grow:0;flex-shrink:100}.elementor-widget-divider--element-align-left .elementor-divider-separator:before{content:none}.elementor-widget-divider--element-align-left .elementor-divider__element{margin-left:0}.elementor-widget-divider--element-align-right .elementor-divider .elementor-divider-separator>.elementor-divider__svg:last-of-type{flex-grow:0;flex-shrink:100}.elementor-widget-divider--element-align-right .elementor-divider-separator:after{content:none}.elementor-widget-divider--element-align-right .elementor-divider__element{margin-right:0}.elementor-widget-divider:not(.elementor-widget-divider--view-line_text):not(.elementor-widget-divider--view-line_icon) .elementor-divider-separator{border-top:var(--divider-border-width) var(--divider-border-style) var(--divider-color)}.elementor-widget-divider--separator-type-pattern{--divider-border-style:none}.elementor-widget-divider--separator-type-pattern.elementor-widget-divider--view-line .elementor-divider-separator,.elementor-widget-divider--separator-type-pattern:not(.elementor-widget-divider--view-line) .elementor-divider-separator:after,.elementor-widget-divider--separator-type-pattern:not(.elementor-widget-divider--view-line) .elementor-divider-separator:before,.elementor-widget-divider--separator-type-pattern:not([class*=elementor-widget-divider--view]) .elementor-divider-separator{width:100%;min-height:var(--divider-pattern-height);-webkit-mask-size:var(--divider-pattern-size) 100%;mask-size:var(--divider-pattern-size) 100%;-webkit-mask-repeat:var(--divider-pattern-repeat);mask-repeat:var(--divider-pattern-repeat);background-color:var(--divider-color);-webkit-mask-image:var(--divider-pattern-url);mask-image:var(--divider-pattern-url)}.elementor-widget-divider--no-spacing{--divider-pattern-size:auto}.elementor-widget-divider--bg-round{--divider-pattern-repeat:round}.rtl .elementor-widget-divider .elementor-divider__text{direction:rtl}.e-con-inner>.elementor-widget-divider,.e-con>.elementor-widget-divider{width:var(--container-widget-width,100%);--flex-grow:var(--container-widget-flex-grow)}<\/style>\t\t<div class=\"elementor-divider\" style=\"--divider-pattern-url: url(&quot;data:image\/svg+xml,%3Csvg xmlns=&#039;http:\/\/www.w3.org\/2000\/svg&#039; preserveAspectRatio=&#039;none&#039; overflow=&#039;visible&#039; height=&#039;100%&#039; viewBox=&#039;0 0 60 30&#039; fill=&#039;black&#039; stroke=&#039;none&#039;%3E%3Crect x=&#039;15&#039; y=&#039;0&#039; width=&#039;30&#039; height=&#039;30&#039;\/%3E%3C\/svg%3E&quot;);\">\n\t\t\t<span class=\"elementor-divider-separator\">\n\t\t\t\t\t\t<\/span>\n\t\t<\/div>\n\t\t\t\t<\/div>\n\t\t\t\t<\/div>\n\t\t\t\t\t<\/div>\n\t\t\t\t<\/div>\n\t\t\t\t\t<\/div>\n\t\t\t\t<\/div>\n\t\t\t\t\t\t\t<\/div>\n\t\t","protected":false},"excerpt":{"rendered":"<p>Les compresseurs Rack sont des groupes compresseurs \u00e0 large gamme de capacit\u00e9s avec une capacit\u00e9 de refroidissement de 50 kW \u00e0 900 kW, parfaitement adapt\u00e9s aux applications de diff\u00e9rentes tailles. Assembl\u00e9 sur un ch\u00e2ssis soud\u00e9 ouvert avec un profil standard, ce rack compresseur est \u00e9galement disponible dans une construction \u00e0 deux \u00e9tages pour une capacit\u00e9&hellip; <br \/> <a class=\"read-more\" href=\"https:\/\/aylus.ma\/en\/rack-compressors\/\">Read more<\/a><\/p>\n","protected":false},"author":1,"featured_media":0,"parent":0,"menu_order":0,"comment_status":"closed","ping_status":"closed","template":"","meta":{"footnotes":""},"class_list":["post-79","page","type-page","status-publish","hentry"],"yoast_head":"<!-- This site is optimized with the Yoast SEO plugin v22.1 - https:\/\/yoast.com\/wordpress\/plugins\/seo\/ -->\n<title>Rack Compressors\u200b - AYLUS Maroc - La passion du froid<\/title>\n<meta name=\"robots\" content=\"index, follow, max-snippet:-1, max-image-preview:large, max-video-preview:-1\" \/>\n<link rel=\"canonical\" href=\"https:\/\/aylus.ma\/rack-compressors\/\" \/>\n<meta property=\"og:locale\" content=\"en_US\" \/>\n<meta property=\"og:type\" content=\"article\" \/>\n<meta property=\"og:title\" content=\"Rack Compressors\u200b\" \/>\n<meta property=\"og:description\" content=\"Les compresseurs Rack sont des groupes compresseurs \u00e0 large gamme de capacit\u00e9s avec une capacit\u00e9 de refroidissement de 50 kW \u00e0 900 kW, parfaitement adapt\u00e9s aux applications de diff\u00e9rentes tailles. Assembl\u00e9 sur un ch\u00e2ssis soud\u00e9 ouvert avec un profil standard, ce rack compresseur est \u00e9galement disponible dans une construction \u00e0 deux \u00e9tages pour une capacit\u00e9&hellip; Read more\" \/>\n<meta property=\"og:url\" content=\"https:\/\/aylus.ma\/rack-compressors\/\" \/>\n<meta property=\"og:site_name\" content=\"AYLUS Maroc - La passion du froid\" \/>\n<meta property=\"article:publisher\" content=\"https:\/\/web.facebook.com\/yassine.aylus\/\" \/>\n<meta property=\"article:modified_time\" content=\"2023-11-21T22:06:20+00:00\" \/>\n<meta property=\"og:image\" content=\"https:\/\/aylus.ma\/wp-content\/uploads\/2023\/11\/product2.png\" \/>\n<meta name=\"twitter:card\" content=\"summary_large_image\" \/>\n<script type=\"application\/ld+json\" class=\"yoast-schema-graph\">{\"@context\":\"https:\/\/schema.org\",\"@graph\":[{\"@type\":\"WebPage\",\"@id\":\"https:\/\/aylus.ma\/rack-compressors\/\",\"url\":\"https:\/\/aylus.ma\/rack-compressors\/\",\"name\":\"[:fr]Rack Compressors\u200b[:] - AYLUS Maroc - La passion du froid\",\"isPartOf\":{\"@id\":\"https:\/\/aylus.ma\/#website\"},\"datePublished\":\"2023-11-10T09:54:10+00:00\",\"dateModified\":\"2023-11-21T22:06:20+00:00\",\"breadcrumb\":{\"@id\":\"https:\/\/aylus.ma\/rack-compressors\/#breadcrumb\"},\"inLanguage\":\"en-US\",\"potentialAction\":[{\"@type\":\"ReadAction\",\"target\":[\"https:\/\/aylus.ma\/rack-compressors\/\"]}]},{\"@type\":\"BreadcrumbList\",\"@id\":\"https:\/\/aylus.ma\/rack-compressors\/#breadcrumb\",\"itemListElement\":[{\"@type\":\"ListItem\",\"position\":1,\"name\":\"Accueil\",\"item\":\"https:\/\/aylus.ma\/\"},{\"@type\":\"ListItem\",\"position\":2,\"name\":\"Rack Compressors\u200b\"}]},{\"@type\":\"WebSite\",\"@id\":\"https:\/\/aylus.ma\/#website\",\"url\":\"https:\/\/aylus.ma\/\",\"name\":\"Aylus.ma - La passion du froid\",\"description\":\"\",\"publisher\":{\"@id\":\"https:\/\/aylus.ma\/#organization\"},\"potentialAction\":[{\"@type\":\"SearchAction\",\"target\":{\"@type\":\"EntryPoint\",\"urlTemplate\":\"https:\/\/aylus.ma\/?s={search_term_string}\"},\"query-input\":\"required name=search_term_string\"}],\"inLanguage\":\"en-US\"},{\"@type\":\"Organization\",\"@id\":\"https:\/\/aylus.ma\/#organization\",\"name\":\"Aylus.ma - La passion du froid\",\"url\":\"https:\/\/aylus.ma\/\",\"logo\":{\"@type\":\"ImageObject\",\"inLanguage\":\"en-US\",\"@id\":\"https:\/\/aylus.ma\/#\/schema\/logo\/image\/\",\"url\":\"https:\/\/aylus.ma\/wp-content\/uploads\/2023\/11\/cropped-aylus-logo-white-blue.png\",\"contentUrl\":\"https:\/\/aylus.ma\/wp-content\/uploads\/2023\/11\/cropped-aylus-logo-white-blue.png\",\"width\":890,\"height\":280,\"caption\":\"Aylus.ma - La passion du froid\"},\"image\":{\"@id\":\"https:\/\/aylus.ma\/#\/schema\/logo\/image\/\"},\"sameAs\":[\"https:\/\/web.facebook.com\/yassine.aylus\/\",\"https:\/\/linkedin.com\/company\/aylus-refrigeration\"]}]}<\/script>\n<!-- \/ Yoast SEO plugin. -->","yoast_head_json":{"title":"Rack Compressors\u200b - AYLUS Maroc - La passion du froid","robots":{"index":"index","follow":"follow","max-snippet":"max-snippet:-1","max-image-preview":"max-image-preview:large","max-video-preview":"max-video-preview:-1"},"canonical":"https:\/\/aylus.ma\/rack-compressors\/","og_locale":"en_US","og_type":"article","og_title":"[:fr]Rack Compressors\u200b[:] - AYLUS Maroc - La passion du froid","og_description":"Les compresseurs Rack sont des groupes compresseurs \u00e0 large gamme de capacit\u00e9s avec une capacit\u00e9 de refroidissement de 50 kW \u00e0 900 kW, parfaitement adapt\u00e9s aux applications de diff\u00e9rentes tailles. Assembl\u00e9 sur un ch\u00e2ssis soud\u00e9 ouvert avec un profil standard, ce rack compresseur est \u00e9galement disponible dans une construction \u00e0 deux \u00e9tages pour une capacit\u00e9&hellip; Read more","og_url":"https:\/\/aylus.ma\/rack-compressors\/","og_site_name":"AYLUS Maroc - La passion du froid","article_publisher":"https:\/\/web.facebook.com\/yassine.aylus\/","article_modified_time":"2023-11-21T22:06:20+00:00","og_image":[{"url":"https:\/\/aylus.ma\/wp-content\/uploads\/2023\/11\/product2.png"}],"twitter_card":"summary_large_image","schema":{"@context":"https:\/\/schema.org","@graph":[{"@type":"WebPage","@id":"https:\/\/aylus.ma\/rack-compressors\/","url":"https:\/\/aylus.ma\/rack-compressors\/","name":"[:fr]Rack Compressors\u200b[:] - AYLUS Maroc - La passion du froid","isPartOf":{"@id":"https:\/\/aylus.ma\/#website"},"datePublished":"2023-11-10T09:54:10+00:00","dateModified":"2023-11-21T22:06:20+00:00","breadcrumb":{"@id":"https:\/\/aylus.ma\/rack-compressors\/#breadcrumb"},"inLanguage":"en-US","potentialAction":[{"@type":"ReadAction","target":["https:\/\/aylus.ma\/rack-compressors\/"]}]},{"@type":"BreadcrumbList","@id":"https:\/\/aylus.ma\/rack-compressors\/#breadcrumb","itemListElement":[{"@type":"ListItem","position":1,"name":"Accueil","item":"https:\/\/aylus.ma\/"},{"@type":"ListItem","position":2,"name":"Rack Compressors\u200b"}]},{"@type":"WebSite","@id":"https:\/\/aylus.ma\/#website","url":"https:\/\/aylus.ma\/","name":"Aylus.ma - La passion du froid","description":"","publisher":{"@id":"https:\/\/aylus.ma\/#organization"},"potentialAction":[{"@type":"SearchAction","target":{"@type":"EntryPoint","urlTemplate":"https:\/\/aylus.ma\/?s={search_term_string}"},"query-input":"required name=search_term_string"}],"inLanguage":"en-US"},{"@type":"Organization","@id":"https:\/\/aylus.ma\/#organization","name":"Aylus.ma - La passion du froid","url":"https:\/\/aylus.ma\/","logo":{"@type":"ImageObject","inLanguage":"en-US","@id":"https:\/\/aylus.ma\/#\/schema\/logo\/image\/","url":"https:\/\/aylus.ma\/wp-content\/uploads\/2023\/11\/cropped-aylus-logo-white-blue.png","contentUrl":"https:\/\/aylus.ma\/wp-content\/uploads\/2023\/11\/cropped-aylus-logo-white-blue.png","width":890,"height":280,"caption":"Aylus.ma - La passion du froid"},"image":{"@id":"https:\/\/aylus.ma\/#\/schema\/logo\/image\/"},"sameAs":["https:\/\/web.facebook.com\/yassine.aylus\/","https:\/\/linkedin.com\/company\/aylus-refrigeration"]}]}},"_links":{"self":[{"href":"https:\/\/aylus.ma\/en\/wp-json\/wp\/v2\/pages\/79","targetHints":{"allow":["GET"]}}],"collection":[{"href":"https:\/\/aylus.ma\/en\/wp-json\/wp\/v2\/pages"}],"about":[{"href":"https:\/\/aylus.ma\/en\/wp-json\/wp\/v2\/types\/page"}],"author":[{"embeddable":true,"href":"https:\/\/aylus.ma\/en\/wp-json\/wp\/v2\/users\/1"}],"replies":[{"embeddable":true,"href":"https:\/\/aylus.ma\/en\/wp-json\/wp\/v2\/comments?post=79"}],"version-history":[{"count":0,"href":"https:\/\/aylus.ma\/en\/wp-json\/wp\/v2\/pages\/79\/revisions"}],"wp:attachment":[{"href":"https:\/\/aylus.ma\/en\/wp-json\/wp\/v2\/media?parent=79"}],"curies":[{"name":"wp","href":"https:\/\/api.w.org\/{rel}","templated":true}]}}