{"id":77,"date":"2023-11-10T09:54:10","date_gmt":"2023-11-10T09:54:10","guid":{"rendered":"https:\/\/aylus.ma\/?page_id=77"},"modified":"2023-11-20T21:18:47","modified_gmt":"2023-11-20T21:18:47","slug":"condensing-units","status":"publish","type":"page","link":"https:\/\/aylus.ma\/en\/condensing-units\/","title":{"rendered":"Condensing Units\u200b"},"content":{"rendered":"\t\t<div data-elementor-type=\"wp-page\" data-elementor-id=\"77\" class=\"elementor elementor-77\">\n\t\t\t\t\t\t\t<div class=\"elementor-element elementor-element-dc4af0f e-flex e-con-boxed e-con e-parent\" data-id=\"dc4af0f\" data-element_type=\"container\" data-settings=\"{&quot;background_background&quot;:&quot;classic&quot;,&quot;container_type&quot;:&quot;flex&quot;,&quot;content_width&quot;:&quot;boxed&quot;}\" data-core-v316-plus=\"true\">\n\t\t\t\t\t<div class=\"e-con-inner\">\n\t\t\t\t<div class=\"elementor-element elementor-element-d7b9919 elementor-widget elementor-widget-text-editor\" data-id=\"d7b9919\" data-element_type=\"widget\" data-widget_type=\"text-editor.default\">\n\t\t\t\t<div class=\"elementor-widget-container\">\n\t\t\t<style>\/*! elementor - v3.17.0 - 08-11-2023 *\/\n.elementor-widget-text-editor.elementor-drop-cap-view-stacked .elementor-drop-cap{background-color:#69727d;color:#fff}.elementor-widget-text-editor.elementor-drop-cap-view-framed .elementor-drop-cap{color:#69727d;border:3px solid;background-color:transparent}.elementor-widget-text-editor:not(.elementor-drop-cap-view-default) .elementor-drop-cap{margin-top:8px}.elementor-widget-text-editor:not(.elementor-drop-cap-view-default) .elementor-drop-cap-letter{width:1em;height:1em}.elementor-widget-text-editor .elementor-drop-cap{float:left;text-align:center;line-height:1;font-size:50px}.elementor-widget-text-editor .elementor-drop-cap-letter{display:inline-block}<\/style>\t\t\t\t<p style=\"margin: 0cm; background-image: initial; background-position: initial; background-size: initial; background-repeat: initial; background-attachment: initial; background-origin: initial; background-clip: initial;\"><span style=\"font-family:Roboto;\ncolor:white;mso-themecolor:background1\">Les unit\u00e9s de condensation&nbsp;<b>CoolBoX&nbsp;<\/b>sont concu pour\nles applications petites et moyennes taille en froid commercial et industriel.\nElles sont \u00e9quip\u00e9s par des compresseurs \u00e0 piston ou compresseurs scroll pour\ndes applications moyenne et basse temp\u00e9rature, elles sont \u00e9conomiquement\n\u00e9nerg\u00e9tique , silencieuses , leur installation est facile , et ils sont dot\u00e9s\nd&#8217; un bon design.<o:p><\/o:p><\/span><\/p><p style=\"margin: 0cm; background-image: initial; background-position: initial; background-size: initial; background-repeat: initial; background-attachment: initial; background-origin: initial; background-clip: initial;\"><span style=\"font-family:Roboto;color:white;mso-themecolor:\nbackground1\">Les unit\u00e9s de condensation&nbsp;<b>CoolBox&nbsp;<\/b>sont parfaitement adapt\u00e9es \u00e0 la r\u00e9frig\u00e9ration\nd&#8217;armoires frigorifiques ou de chambres froides ou de centrales de traitement\nd&#8217;air .<b>&nbsp;Les unit\u00e9s CoolBox<\/b>&nbsp;sont\n\u00e9quip\u00e9es de compresseurs de haute qualit\u00e9 qui offrent les niveaux d&#8217;efficacit\u00e9\n\u00e9nerg\u00e9tique annuels les plus \u00e9lev\u00e9s.<\/span><\/p>\t\t\t\t\t\t<\/div>\n\t\t\t\t<\/div>\n\t\t\t\t\t<\/div>\n\t\t\t\t<\/div>\n\t\t<div class=\"elementor-element elementor-element-2dad915 e-flex e-con-boxed e-con e-parent\" data-id=\"2dad915\" data-element_type=\"container\" data-settings=\"{&quot;background_background&quot;:&quot;classic&quot;,&quot;shape_divider_top&quot;:&quot;tilt&quot;,&quot;container_type&quot;:&quot;flex&quot;,&quot;content_width&quot;:&quot;boxed&quot;}\" data-core-v316-plus=\"true\">\n\t\t\t\t\t<div class=\"e-con-inner\">\n\t\t\t\t<div class=\"elementor-shape elementor-shape-top\" data-negative=\"false\">\n\t\t\t<svg xmlns=\"http:\/\/www.w3.org\/2000\/svg\" viewBox=\"0 0 1000 100\" preserveAspectRatio=\"none\">\n\t<path class=\"elementor-shape-fill\" d=\"M0,6V0h1000v100L0,6z\"\/>\n<\/svg>\t\t<\/div>\n\t\t<div class=\"elementor-element elementor-element-71ddac1 e-con-full e-flex e-con e-child\" data-id=\"71ddac1\" data-element_type=\"container\" data-settings=\"{&quot;content_width&quot;:&quot;full&quot;,&quot;container_type&quot;:&quot;flex&quot;}\">\n\t\t<div class=\"elementor-element elementor-element-71a23c5 e-flex e-con-boxed e-con e-child\" data-id=\"71a23c5\" data-element_type=\"container\" data-settings=\"{&quot;container_type&quot;:&quot;flex&quot;,&quot;content_width&quot;:&quot;boxed&quot;}\">\n\t\t\t\t\t<div class=\"e-con-inner\">\n\t\t\t\t<div class=\"elementor-element elementor-element-e3ebb3c elementor-widget__width-initial elementor-widget elementor-widget-heading\" data-id=\"e3ebb3c\" data-element_type=\"widget\" data-widget_type=\"heading.default\">\n\t\t\t\t<div class=\"elementor-widget-container\">\n\t\t\t<style>\/*! elementor - v3.17.0 - 08-11-2023 *\/\n.elementor-heading-title{padding:0;margin:0;line-height:1}.elementor-widget-heading .elementor-heading-title[class*=elementor-size-]>a{color:inherit;font-size:inherit;line-height:inherit}.elementor-widget-heading .elementor-heading-title.elementor-size-small{font-size:15px}.elementor-widget-heading .elementor-heading-title.elementor-size-medium{font-size:19px}.elementor-widget-heading .elementor-heading-title.elementor-size-large{font-size:29px}.elementor-widget-heading .elementor-heading-title.elementor-size-xl{font-size:39px}.elementor-widget-heading .elementor-heading-title.elementor-size-xxl{font-size:59px}<\/style><h4 class=\"elementor-heading-title elementor-size-small\"><p><b><span style=\"font-size: 17pt; line-height: 107%;\">MCASE<\/span><\/b><\/p><\/h4>\t\t<\/div>\n\t\t\t\t<\/div>\n\t\t\t\t\t<\/div>\n\t\t\t\t<\/div>\n\t\t\t\t<div class=\"elementor-element elementor-element-b2e1dc4 elementor-invisible elementor-widget elementor-widget-image\" data-id=\"b2e1dc4\" data-element_type=\"widget\" data-settings=\"{&quot;_animation&quot;:&quot;rotateInDownLeft&quot;}\" data-widget_type=\"image.default\">\n\t\t\t\t<div class=\"elementor-widget-container\">\n\t\t\t<style>\/*! elementor - v3.17.0 - 08-11-2023 *\/\n.elementor-widget-image{text-align:center}.elementor-widget-image a{display:inline-block}.elementor-widget-image a img[src$=\".svg\"]{width:48px}.elementor-widget-image img{vertical-align:middle;display:inline-block}<\/style>\t\t\t\t\t\t\t\t\t\t\t\t\t<a href=\"?product=mcase\">\n\t\t\t\t\t\t\t<img fetchpriority=\"high\" decoding=\"async\" width=\"473\" height=\"360\" src=\"https:\/\/aylus.ma\/wp-content\/uploads\/2023\/11\/sous-produit1.png\" class=\"elementor-animation-push attachment-large size-large wp-image-164\" alt=\"\" srcset=\"https:\/\/aylus.ma\/wp-content\/uploads\/2023\/11\/sous-produit1.png 473w, https:\/\/aylus.ma\/wp-content\/uploads\/2023\/11\/sous-produit1-300x228.png 300w\" sizes=\"(max-width: 473px) 100vw, 473px\" \/>\t\t\t\t\t\t\t\t<\/a>\n\t\t\t\t\t\t\t\t\t\t\t\t\t\t\t<\/div>\n\t\t\t\t<\/div>\n\t\t\t\t<\/div>\n\t\t<div class=\"elementor-element elementor-element-49d1ce3 e-con-full e-flex e-con e-child\" data-id=\"49d1ce3\" data-element_type=\"container\" data-settings=\"{&quot;content_width&quot;:&quot;full&quot;,&quot;container_type&quot;:&quot;flex&quot;}\">\n\t\t<div class=\"elementor-element elementor-element-5e24fb4 e-flex e-con-boxed e-con e-child\" data-id=\"5e24fb4\" data-element_type=\"container\" data-settings=\"{&quot;container_type&quot;:&quot;flex&quot;,&quot;content_width&quot;:&quot;boxed&quot;}\">\n\t\t\t\t\t<div class=\"e-con-inner\">\n\t\t\t\t<div class=\"elementor-element elementor-element-ee76d9f elementor-widget__width-initial elementor-widget elementor-widget-heading\" data-id=\"ee76d9f\" data-element_type=\"widget\" data-widget_type=\"heading.default\">\n\t\t\t\t<div class=\"elementor-widget-container\">\n\t\t\t<h2 class=\"elementor-heading-title elementor-size-default\"><p><b><span style=\"font-size: 17pt; line-height: 107%;\">SHCASE<\/span><\/b><\/p><\/h2>\t\t<\/div>\n\t\t\t\t<\/div>\n\t\t\t\t\t<\/div>\n\t\t\t\t<\/div>\n\t\t\t\t<div class=\"elementor-element elementor-element-e1e4b8a elementor-invisible elementor-widget elementor-widget-image\" data-id=\"e1e4b8a\" data-element_type=\"widget\" data-settings=\"{&quot;_animation&quot;:&quot;rotateInDownRight&quot;}\" data-widget_type=\"image.default\">\n\t\t\t\t<div class=\"elementor-widget-container\">\n\t\t\t\t\t\t\t\t\t\t\t\t\t\t\t\t<a href=\"\/?product=sh-case\">\n\t\t\t\t\t\t\t<img decoding=\"async\" width=\"473\" height=\"360\" src=\"https:\/\/aylus.ma\/wp-content\/uploads\/2023\/11\/sous-produit2.png\" class=\"elementor-animation-push attachment-large size-large wp-image-166\" alt=\"SH Case - Aylus\" srcset=\"https:\/\/aylus.ma\/wp-content\/uploads\/2023\/11\/sous-produit2.png 473w, https:\/\/aylus.ma\/wp-content\/uploads\/2023\/11\/sous-produit2-300x228.png 300w\" sizes=\"(max-width: 473px) 100vw, 473px\" \/>\t\t\t\t\t\t\t\t<\/a>\n\t\t\t\t\t\t\t\t\t\t\t\t\t\t\t<\/div>\n\t\t\t\t<\/div>\n\t\t\t\t<\/div>\n\t\t<div class=\"elementor-element elementor-element-47843c9 e-con-full e-flex e-con e-child\" data-id=\"47843c9\" data-element_type=\"container\" data-settings=\"{&quot;content_width&quot;:&quot;full&quot;,&quot;container_type&quot;:&quot;flex&quot;}\">\n\t\t<div class=\"elementor-element elementor-element-a3868c0 e-flex e-con-boxed e-con e-child\" data-id=\"a3868c0\" data-element_type=\"container\" data-settings=\"{&quot;container_type&quot;:&quot;flex&quot;,&quot;content_width&quot;:&quot;boxed&quot;}\">\n\t\t\t\t\t<div class=\"e-con-inner\">\n\t\t\t\t<div class=\"elementor-element elementor-element-a594be8 elementor-widget__width-initial elementor-widget elementor-widget-heading\" data-id=\"a594be8\" data-element_type=\"widget\" data-widget_type=\"heading.default\">\n\t\t\t\t<div class=\"elementor-widget-container\">\n\t\t\t<h2 class=\"elementor-heading-title elementor-size-default\"><p><b><span style=\"font-size: 17pt; line-height: 107%;\">HCASE<\/span><\/b><\/p><\/h2>\t\t<\/div>\n\t\t\t\t<\/div>\n\t\t\t\t\t<\/div>\n\t\t\t\t<\/div>\n\t\t\t\t<div class=\"elementor-element elementor-element-bdfd2b7 elementor-invisible elementor-widget elementor-widget-image\" data-id=\"bdfd2b7\" data-element_type=\"widget\" data-settings=\"{&quot;_animation&quot;:&quot;rotateInDownLeft&quot;}\" data-widget_type=\"image.default\">\n\t\t\t\t<div class=\"elementor-widget-container\">\n\t\t\t\t\t\t\t\t\t\t\t\t\t\t\t\t<a href=\"\/?product=h-case\">\n\t\t\t\t\t\t\t<img decoding=\"async\" width=\"473\" height=\"360\" src=\"https:\/\/aylus.ma\/wp-content\/uploads\/2023\/11\/sous-produit3.png\" class=\"elementor-animation-push attachment-large size-large wp-image-167\" alt=\"Hcase\" srcset=\"https:\/\/aylus.ma\/wp-content\/uploads\/2023\/11\/sous-produit3.png 473w, https:\/\/aylus.ma\/wp-content\/uploads\/2023\/11\/sous-produit3-300x228.png 300w\" sizes=\"(max-width: 473px) 100vw, 473px\" \/>\t\t\t\t\t\t\t\t<\/a>\n\t\t\t\t\t\t\t\t\t\t\t\t\t\t\t<\/div>\n\t\t\t\t<\/div>\n\t\t\t\t<\/div>\n\t\t<div class=\"elementor-element elementor-element-c79d21b e-con-full e-flex e-con e-child\" data-id=\"c79d21b\" data-element_type=\"container\" data-settings=\"{&quot;content_width&quot;:&quot;full&quot;,&quot;container_type&quot;:&quot;flex&quot;}\">\n\t\t<div class=\"elementor-element elementor-element-fbf3830 e-flex e-con-boxed e-con e-child\" data-id=\"fbf3830\" data-element_type=\"container\" data-settings=\"{&quot;container_type&quot;:&quot;flex&quot;,&quot;content_width&quot;:&quot;boxed&quot;}\">\n\t\t\t\t\t<div class=\"e-con-inner\">\n\t\t\t\t<div class=\"elementor-element elementor-element-b65cad1 elementor-widget__width-initial elementor-widget elementor-widget-heading\" data-id=\"b65cad1\" data-element_type=\"widget\" data-widget_type=\"heading.default\">\n\t\t\t\t<div class=\"elementor-widget-container\">\n\t\t\t<h2 class=\"elementor-heading-title elementor-size-default\"><p><span style=\"font-size: 22.6667px;\">INVERTER UNITS<\/span><\/p><\/h2>\t\t<\/div>\n\t\t\t\t<\/div>\n\t\t\t\t\t<\/div>\n\t\t\t\t<\/div>\n\t\t\t\t<div class=\"elementor-element elementor-element-f5b1837 elementor-invisible elementor-widget elementor-widget-image\" data-id=\"f5b1837\" data-element_type=\"widget\" data-settings=\"{&quot;_animation&quot;:&quot;rotateInDownRight&quot;}\" data-widget_type=\"image.default\">\n\t\t\t\t<div class=\"elementor-widget-container\">\n\t\t\t\t\t\t\t\t\t\t\t\t\t\t\t\t<a href=\"\/?product=inverter-units\">\n\t\t\t\t\t\t\t<img loading=\"lazy\" decoding=\"async\" width=\"473\" height=\"360\" src=\"https:\/\/aylus.ma\/wp-content\/uploads\/2023\/11\/sous-produit-4.png\" class=\"elementor-animation-push attachment-large size-large wp-image-308\" alt=\"INVERTER UNITS\" srcset=\"https:\/\/aylus.ma\/wp-content\/uploads\/2023\/11\/sous-produit-4.png 473w, https:\/\/aylus.ma\/wp-content\/uploads\/2023\/11\/sous-produit-4-300x228.png 300w\" sizes=\"(max-width: 473px) 100vw, 473px\" \/>\t\t\t\t\t\t\t\t<\/a>\n\t\t\t\t\t\t\t\t\t\t\t\t\t\t\t<\/div>\n\t\t\t\t<\/div>\n\t\t\t\t<\/div>\n\t\t\t\t\t<\/div>\n\t\t\t\t<\/div>\n\t\t<div class=\"elementor-element elementor-element-70f6799 e-flex e-con-boxed e-con e-parent\" data-id=\"70f6799\" data-element_type=\"container\" data-settings=\"{&quot;container_type&quot;:&quot;flex&quot;,&quot;content_width&quot;:&quot;boxed&quot;}\" data-core-v316-plus=\"true\">\n\t\t\t\t\t<div class=\"e-con-inner\">\n\t\t\t\t<div class=\"elementor-element elementor-element-8839df6 elementor-widget-divider--separator-type-pattern elementor-widget-divider--bg-round elementor-widget-divider--view-line elementor-widget elementor-widget-divider\" data-id=\"8839df6\" data-element_type=\"widget\" data-widget_type=\"divider.default\">\n\t\t\t\t<div class=\"elementor-widget-container\">\n\t\t\t<style>\/*! elementor - v3.17.0 - 08-11-2023 *\/\n.elementor-widget-divider{--divider-border-style:none;--divider-border-width:1px;--divider-color:#0c0d0e;--divider-icon-size:20px;--divider-element-spacing:10px;--divider-pattern-height:24px;--divider-pattern-size:20px;--divider-pattern-url:none;--divider-pattern-repeat:repeat-x}.elementor-widget-divider .elementor-divider{display:flex}.elementor-widget-divider .elementor-divider__text{font-size:15px;line-height:1;max-width:95%}.elementor-widget-divider .elementor-divider__element{margin:0 var(--divider-element-spacing);flex-shrink:0}.elementor-widget-divider .elementor-icon{font-size:var(--divider-icon-size)}.elementor-widget-divider .elementor-divider-separator{display:flex;margin:0;direction:ltr}.elementor-widget-divider--view-line_icon .elementor-divider-separator,.elementor-widget-divider--view-line_text .elementor-divider-separator{align-items:center}.elementor-widget-divider--view-line_icon .elementor-divider-separator:after,.elementor-widget-divider--view-line_icon .elementor-divider-separator:before,.elementor-widget-divider--view-line_text .elementor-divider-separator:after,.elementor-widget-divider--view-line_text .elementor-divider-separator:before{display:block;content:\"\";border-bottom:0;flex-grow:1;border-top:var(--divider-border-width) var(--divider-border-style) var(--divider-color)}.elementor-widget-divider--element-align-left .elementor-divider .elementor-divider-separator>.elementor-divider__svg:first-of-type{flex-grow:0;flex-shrink:100}.elementor-widget-divider--element-align-left .elementor-divider-separator:before{content:none}.elementor-widget-divider--element-align-left .elementor-divider__element{margin-left:0}.elementor-widget-divider--element-align-right .elementor-divider .elementor-divider-separator>.elementor-divider__svg:last-of-type{flex-grow:0;flex-shrink:100}.elementor-widget-divider--element-align-right .elementor-divider-separator:after{content:none}.elementor-widget-divider--element-align-right .elementor-divider__element{margin-right:0}.elementor-widget-divider:not(.elementor-widget-divider--view-line_text):not(.elementor-widget-divider--view-line_icon) .elementor-divider-separator{border-top:var(--divider-border-width) var(--divider-border-style) var(--divider-color)}.elementor-widget-divider--separator-type-pattern{--divider-border-style:none}.elementor-widget-divider--separator-type-pattern.elementor-widget-divider--view-line .elementor-divider-separator,.elementor-widget-divider--separator-type-pattern:not(.elementor-widget-divider--view-line) .elementor-divider-separator:after,.elementor-widget-divider--separator-type-pattern:not(.elementor-widget-divider--view-line) .elementor-divider-separator:before,.elementor-widget-divider--separator-type-pattern:not([class*=elementor-widget-divider--view]) .elementor-divider-separator{width:100%;min-height:var(--divider-pattern-height);-webkit-mask-size:var(--divider-pattern-size) 100%;mask-size:var(--divider-pattern-size) 100%;-webkit-mask-repeat:var(--divider-pattern-repeat);mask-repeat:var(--divider-pattern-repeat);background-color:var(--divider-color);-webkit-mask-image:var(--divider-pattern-url);mask-image:var(--divider-pattern-url)}.elementor-widget-divider--no-spacing{--divider-pattern-size:auto}.elementor-widget-divider--bg-round{--divider-pattern-repeat:round}.rtl .elementor-widget-divider .elementor-divider__text{direction:rtl}.e-con-inner>.elementor-widget-divider,.e-con>.elementor-widget-divider{width:var(--container-widget-width,100%);--flex-grow:var(--container-widget-flex-grow)}<\/style>\t\t<div class=\"elementor-divider\" style=\"--divider-pattern-url: url(&quot;data:image\/svg+xml,%3Csvg xmlns=&#039;http:\/\/www.w3.org\/2000\/svg&#039; preserveAspectRatio=&#039;none&#039; overflow=&#039;visible&#039; height=&#039;100%&#039; viewBox=&#039;0 0 60 30&#039; fill=&#039;black&#039; stroke=&#039;none&#039;%3E%3Crect x=&#039;15&#039; y=&#039;0&#039; width=&#039;30&#039; height=&#039;30&#039;\/%3E%3C\/svg%3E&quot;);\">\n\t\t\t<span class=\"elementor-divider-separator\">\n\t\t\t\t\t\t<\/span>\n\t\t<\/div>\n\t\t\t\t<\/div>\n\t\t\t\t<\/div>\n\t\t\t\t\t<\/div>\n\t\t\t\t<\/div>\n\t\t\t\t\t\t\t<\/div>\n\t\t","protected":false},"excerpt":{"rendered":"<p>Les unit\u00e9s de condensation&nbsp;CoolBoX&nbsp;sont concu pour les applications petites et moyennes taille en froid commercial et industriel. Elles sont \u00e9quip\u00e9s par des compresseurs \u00e0 piston ou compresseurs scroll pour des applications moyenne et basse temp\u00e9rature, elles sont \u00e9conomiquement \u00e9nerg\u00e9tique , silencieuses , leur installation est facile , et ils sont dot\u00e9s d&#8217; un bon design.&hellip; <br \/> <a class=\"read-more\" href=\"https:\/\/aylus.ma\/en\/condensing-units\/\">Read more<\/a><\/p>\n","protected":false},"author":1,"featured_media":0,"parent":0,"menu_order":0,"comment_status":"closed","ping_status":"closed","template":"","meta":{"footnotes":""},"class_list":["post-77","page","type-page","status-publish","hentry"],"yoast_head":"<!-- This site is optimized with the Yoast SEO plugin v22.1 - https:\/\/yoast.com\/wordpress\/plugins\/seo\/ -->\n<title>Condensing Units\u200b - AYLUS Maroc - La passion du froid<\/title>\n<meta name=\"robots\" content=\"index, follow, max-snippet:-1, max-image-preview:large, max-video-preview:-1\" \/>\n<link rel=\"canonical\" href=\"https:\/\/aylus.ma\/condensing-units\/\" \/>\n<meta property=\"og:locale\" content=\"en_US\" \/>\n<meta property=\"og:type\" content=\"article\" \/>\n<meta property=\"og:title\" content=\"Condensing Units\u200b\" \/>\n<meta property=\"og:description\" content=\"Les unit\u00e9s de condensation&nbsp;CoolBoX&nbsp;sont concu pour les applications petites et moyennes taille en froid commercial et industriel. Elles sont \u00e9quip\u00e9s par des compresseurs \u00e0 piston ou compresseurs scroll pour des applications moyenne et basse temp\u00e9rature, elles sont \u00e9conomiquement \u00e9nerg\u00e9tique , silencieuses , leur installation est facile , et ils sont dot\u00e9s d&#8217; un bon design.&hellip; Read more\" \/>\n<meta property=\"og:url\" content=\"https:\/\/aylus.ma\/condensing-units\/\" \/>\n<meta property=\"og:site_name\" content=\"AYLUS Maroc - La passion du froid\" \/>\n<meta property=\"article:publisher\" content=\"https:\/\/web.facebook.com\/yassine.aylus\/\" \/>\n<meta property=\"article:modified_time\" content=\"2023-11-20T21:18:47+00:00\" \/>\n<meta property=\"og:image\" content=\"https:\/\/aylus.ma\/wp-content\/uploads\/2023\/11\/sous-produit1.png\" \/>\n<meta name=\"twitter:card\" content=\"summary_large_image\" \/>\n<meta name=\"twitter:label1\" content=\"Est. reading time\" \/>\n\t<meta name=\"twitter:data1\" content=\"1 minute\" \/>\n<script type=\"application\/ld+json\" class=\"yoast-schema-graph\">{\"@context\":\"https:\/\/schema.org\",\"@graph\":[{\"@type\":\"WebPage\",\"@id\":\"https:\/\/aylus.ma\/condensing-units\/\",\"url\":\"https:\/\/aylus.ma\/condensing-units\/\",\"name\":\"[:fr]Condensing Units\u200b[:] - AYLUS Maroc - La passion du froid\",\"isPartOf\":{\"@id\":\"https:\/\/aylus.ma\/#website\"},\"datePublished\":\"2023-11-10T09:54:10+00:00\",\"dateModified\":\"2023-11-20T21:18:47+00:00\",\"breadcrumb\":{\"@id\":\"https:\/\/aylus.ma\/condensing-units\/#breadcrumb\"},\"inLanguage\":\"en-US\",\"potentialAction\":[{\"@type\":\"ReadAction\",\"target\":[\"https:\/\/aylus.ma\/condensing-units\/\"]}]},{\"@type\":\"BreadcrumbList\",\"@id\":\"https:\/\/aylus.ma\/condensing-units\/#breadcrumb\",\"itemListElement\":[{\"@type\":\"ListItem\",\"position\":1,\"name\":\"Accueil\",\"item\":\"https:\/\/aylus.ma\/\"},{\"@type\":\"ListItem\",\"position\":2,\"name\":\"Condensing Units\u200b\"}]},{\"@type\":\"WebSite\",\"@id\":\"https:\/\/aylus.ma\/#website\",\"url\":\"https:\/\/aylus.ma\/\",\"name\":\"Aylus.ma - La passion du froid\",\"description\":\"\",\"publisher\":{\"@id\":\"https:\/\/aylus.ma\/#organization\"},\"potentialAction\":[{\"@type\":\"SearchAction\",\"target\":{\"@type\":\"EntryPoint\",\"urlTemplate\":\"https:\/\/aylus.ma\/?s={search_term_string}\"},\"query-input\":\"required name=search_term_string\"}],\"inLanguage\":\"en-US\"},{\"@type\":\"Organization\",\"@id\":\"https:\/\/aylus.ma\/#organization\",\"name\":\"Aylus.ma - La passion du froid\",\"url\":\"https:\/\/aylus.ma\/\",\"logo\":{\"@type\":\"ImageObject\",\"inLanguage\":\"en-US\",\"@id\":\"https:\/\/aylus.ma\/#\/schema\/logo\/image\/\",\"url\":\"https:\/\/aylus.ma\/wp-content\/uploads\/2023\/11\/cropped-aylus-logo-white-blue.png\",\"contentUrl\":\"https:\/\/aylus.ma\/wp-content\/uploads\/2023\/11\/cropped-aylus-logo-white-blue.png\",\"width\":890,\"height\":280,\"caption\":\"Aylus.ma - La passion du froid\"},\"image\":{\"@id\":\"https:\/\/aylus.ma\/#\/schema\/logo\/image\/\"},\"sameAs\":[\"https:\/\/web.facebook.com\/yassine.aylus\/\",\"https:\/\/linkedin.com\/company\/aylus-refrigeration\"]}]}<\/script>\n<!-- \/ Yoast SEO plugin. -->","yoast_head_json":{"title":"Condensing Units\u200b - AYLUS Maroc - La passion du froid","robots":{"index":"index","follow":"follow","max-snippet":"max-snippet:-1","max-image-preview":"max-image-preview:large","max-video-preview":"max-video-preview:-1"},"canonical":"https:\/\/aylus.ma\/condensing-units\/","og_locale":"en_US","og_type":"article","og_title":"[:fr]Condensing Units\u200b[:] - AYLUS Maroc - La passion du froid","og_description":"Les unit\u00e9s de condensation&nbsp;CoolBoX&nbsp;sont concu pour les applications petites et moyennes taille en froid commercial et industriel. Elles sont \u00e9quip\u00e9s par des compresseurs \u00e0 piston ou compresseurs scroll pour des applications moyenne et basse temp\u00e9rature, elles sont \u00e9conomiquement \u00e9nerg\u00e9tique , silencieuses , leur installation est facile , et ils sont dot\u00e9s d&#8217; un bon design.&hellip; Read more","og_url":"https:\/\/aylus.ma\/condensing-units\/","og_site_name":"AYLUS Maroc - La passion du froid","article_publisher":"https:\/\/web.facebook.com\/yassine.aylus\/","article_modified_time":"2023-11-20T21:18:47+00:00","og_image":[{"url":"https:\/\/aylus.ma\/wp-content\/uploads\/2023\/11\/sous-produit1.png"}],"twitter_card":"summary_large_image","twitter_misc":{"Est. reading time":"1 minute"},"schema":{"@context":"https:\/\/schema.org","@graph":[{"@type":"WebPage","@id":"https:\/\/aylus.ma\/condensing-units\/","url":"https:\/\/aylus.ma\/condensing-units\/","name":"[:fr]Condensing Units\u200b[:] - AYLUS Maroc - La passion du froid","isPartOf":{"@id":"https:\/\/aylus.ma\/#website"},"datePublished":"2023-11-10T09:54:10+00:00","dateModified":"2023-11-20T21:18:47+00:00","breadcrumb":{"@id":"https:\/\/aylus.ma\/condensing-units\/#breadcrumb"},"inLanguage":"en-US","potentialAction":[{"@type":"ReadAction","target":["https:\/\/aylus.ma\/condensing-units\/"]}]},{"@type":"BreadcrumbList","@id":"https:\/\/aylus.ma\/condensing-units\/#breadcrumb","itemListElement":[{"@type":"ListItem","position":1,"name":"Accueil","item":"https:\/\/aylus.ma\/"},{"@type":"ListItem","position":2,"name":"Condensing Units\u200b"}]},{"@type":"WebSite","@id":"https:\/\/aylus.ma\/#website","url":"https:\/\/aylus.ma\/","name":"Aylus.ma - La passion du froid","description":"","publisher":{"@id":"https:\/\/aylus.ma\/#organization"},"potentialAction":[{"@type":"SearchAction","target":{"@type":"EntryPoint","urlTemplate":"https:\/\/aylus.ma\/?s={search_term_string}"},"query-input":"required name=search_term_string"}],"inLanguage":"en-US"},{"@type":"Organization","@id":"https:\/\/aylus.ma\/#organization","name":"Aylus.ma - La passion du froid","url":"https:\/\/aylus.ma\/","logo":{"@type":"ImageObject","inLanguage":"en-US","@id":"https:\/\/aylus.ma\/#\/schema\/logo\/image\/","url":"https:\/\/aylus.ma\/wp-content\/uploads\/2023\/11\/cropped-aylus-logo-white-blue.png","contentUrl":"https:\/\/aylus.ma\/wp-content\/uploads\/2023\/11\/cropped-aylus-logo-white-blue.png","width":890,"height":280,"caption":"Aylus.ma - La passion du froid"},"image":{"@id":"https:\/\/aylus.ma\/#\/schema\/logo\/image\/"},"sameAs":["https:\/\/web.facebook.com\/yassine.aylus\/","https:\/\/linkedin.com\/company\/aylus-refrigeration"]}]}},"_links":{"self":[{"href":"https:\/\/aylus.ma\/en\/wp-json\/wp\/v2\/pages\/77","targetHints":{"allow":["GET"]}}],"collection":[{"href":"https:\/\/aylus.ma\/en\/wp-json\/wp\/v2\/pages"}],"about":[{"href":"https:\/\/aylus.ma\/en\/wp-json\/wp\/v2\/types\/page"}],"author":[{"embeddable":true,"href":"https:\/\/aylus.ma\/en\/wp-json\/wp\/v2\/users\/1"}],"replies":[{"embeddable":true,"href":"https:\/\/aylus.ma\/en\/wp-json\/wp\/v2\/comments?post=77"}],"version-history":[{"count":0,"href":"https:\/\/aylus.ma\/en\/wp-json\/wp\/v2\/pages\/77\/revisions"}],"wp:attachment":[{"href":"https:\/\/aylus.ma\/en\/wp-json\/wp\/v2\/media?parent=77"}],"curies":[{"name":"wp","href":"https:\/\/api.w.org\/{rel}","templated":true}]}}