{"id":25,"date":"2023-11-09T21:24:48","date_gmt":"2023-11-09T21:24:48","guid":{"rendered":"https:\/\/aylus.ma\/?page_id=25"},"modified":"2024-02-24T14:34:02","modified_gmt":"2024-02-24T14:34:02","slug":"contactez-nous","status":"publish","type":"page","link":"https:\/\/aylus.ma\/en\/contactez-nous\/","title":{"rendered":"Contactez-nous"},"content":{"rendered":"\t\t<div data-elementor-type=\"wp-page\" data-elementor-id=\"25\" class=\"elementor elementor-25\">\n\t\t\t\t\t\t\t<div class=\"elementor-element elementor-element-ea55811 e-flex e-con-boxed e-con e-parent\" data-id=\"ea55811\" data-element_type=\"container\" data-settings=\"{&quot;container_type&quot;:&quot;flex&quot;,&quot;content_width&quot;:&quot;boxed&quot;}\" data-core-v316-plus=\"true\">\n\t\t\t\t\t<div class=\"e-con-inner\">\n\t\t<div class=\"elementor-element elementor-element-c96ab44 e-con-full e-flex e-con e-child\" data-id=\"c96ab44\" data-element_type=\"container\" data-settings=\"{&quot;content_width&quot;:&quot;full&quot;,&quot;container_type&quot;:&quot;flex&quot;}\">\n\t\t\t\t<div class=\"elementor-element elementor-element-e3cc198 elementor-widget elementor-widget-shortcode\" data-id=\"e3cc198\" data-element_type=\"widget\" data-widget_type=\"shortcode.default\">\n\t\t\t\t<div class=\"elementor-widget-container\">\n\t\t\t\t\t<div class=\"elementor-shortcode\">\n<div class=\"wpcf7 no-js\" id=\"wpcf7-f678-o1\" lang=\"fr-FR\" dir=\"ltr\">\n<div class=\"screen-reader-response\"><p role=\"status\" aria-live=\"polite\" aria-atomic=\"true\"><\/p> <ul><\/ul><\/div>\n<form action=\"\/en\/wp-json\/wp\/v2\/pages\/25#wpcf7-f678-o1\" method=\"post\" class=\"wpcf7-form init\" aria-label=\"Formulaire de contact\" novalidate=\"novalidate\" data-status=\"init\">\n<div style=\"display: none;\">\n<input type=\"hidden\" name=\"_wpcf7\" value=\"678\" \/>\n<input type=\"hidden\" name=\"_wpcf7_version\" value=\"5.8.2\" \/>\n<input type=\"hidden\" name=\"_wpcf7_locale\" value=\"fr_FR\" \/>\n<input type=\"hidden\" name=\"_wpcf7_unit_tag\" value=\"wpcf7-f678-o1\" \/>\n<input type=\"hidden\" name=\"_wpcf7_container_post\" value=\"0\" \/>\n<input type=\"hidden\" name=\"_wpcf7_posted_data_hash\" value=\"\" \/>\n<input type=\"hidden\" name=\"lang\" value=\"en\" \/>\n<\/div>\n<h3>\n\t<font color=\"#2284bf\"> Formulaire de contact\n\t<\/font>\n<\/h3>\n<div class=\"cf7resp\">\n\t<table>\n\t\t<tr>\n\t\t\t<td>\n\t\t\t\t<p><label>\n\t\t\t\t\t\t<font color=\"#FFFFFF\"> Pr\u00e9nom\n\t\t\t\t\t\t<\/font> <span class=\"wpcf7-form-control-wrap\" data-name=\"your-surname\"><input size=\"40\" class=\"wpcf7-form-control wpcf7-text wpcf7-validates-as-required\" aria-required=\"true\" aria-invalid=\"false\" value=\"\" type=\"text\" name=\"your-surname\" \/><\/span> <\/label>\n\t\t\t\t<\/p>\n\t\t\t<\/td>\n\t\t\t<td>\n\t\t\t\t<p><label>\n\t\t\t\t\t\t<font color=\"#FFFFFF\"> Nom\n\t\t\t\t\t\t<\/font> <span class=\"wpcf7-form-control-wrap\" data-name=\"your-name\"><input size=\"40\" class=\"wpcf7-form-control wpcf7-text wpcf7-validates-as-required\" aria-required=\"true\" aria-invalid=\"false\" value=\"\" type=\"text\" name=\"your-name\" \/><\/span> <\/label>\n\t\t\t\t<\/p>\n\t\t\t<\/td>\n\t\t<\/tr>\n\t\t<tr>\n\t\t\t<td colspan=\"2\">\n\t\t\t\t<p><label>\n\t\t\t\t\t\t<font color=\"#FFFFFF\"> E-mail\n\t\t\t\t\t\t<\/font> <span class=\"wpcf7-form-control-wrap\" data-name=\"your-email\"><input size=\"40\" class=\"wpcf7-form-control wpcf7-email wpcf7-validates-as-required wpcf7-text wpcf7-validates-as-email\" aria-required=\"true\" aria-invalid=\"false\" value=\"\" type=\"email\" name=\"your-email\" \/><\/span> <\/label>\n\t\t\t\t<\/p>\n\t\t\t<\/td>\n\t\t<\/tr>\n\t\t<tr>\n\t\t\t<td colspan=\"2\">\n\t\t\t\t<p><label>\n\t\t\t\t\t\t<font color=\"#FFFFFF\"> Num\u00e9ro de T\u00e9l\u00e9phone\n\t\t\t\t\t\t<\/font> <span class=\"wpcf7-form-control-wrap\" data-name=\"your-phone\"><input size=\"40\" class=\"wpcf7-form-control wpcf7-text wpcf7-validates-as-required\" aria-required=\"true\" aria-invalid=\"false\" value=\"\" type=\"text\" name=\"your-phone\" \/><\/span> <\/label>\n\t\t\t\t<\/p>\n\t\t\t<\/td>\n\t\t<\/tr>\n\t\t<tr>\n\t\t\t<td colspan=\"2\">\n\t\t\t\t<p><label>\n\t\t\t\t\t\t<font color=\"#FFFFFF\"> Objet\n\t\t\t\t\t\t<\/font> <span class=\"wpcf7-form-control-wrap\" data-name=\"your-subject\"><input size=\"40\" class=\"wpcf7-form-control wpcf7-text wpcf7-validates-as-required\" aria-required=\"true\" aria-invalid=\"false\" value=\"\" type=\"text\" name=\"your-subject\" \/><\/span> <\/label>\n\t\t\t\t<\/p>\n\t\t\t<\/td>\n\t\t<\/tr>\n\t\t<tr>\n\t\t\t<td colspan=\"2\">\n\t\t\t\t<p><label>\n\t\t\t\t\t\t<font color=\"#FFFFFF\"> Message\n\t\t\t\t\t\t<\/font><\/label><span class=\"wpcf7-form-control-wrap\" data-name=\"your-message\"><textarea cols=\"60\" rows=\"3\" class=\"wpcf7-form-control wpcf7-textarea wpcf7-validates-as-required\" aria-required=\"true\" aria-invalid=\"false\" placeholder=\"Votre message\" name=\"your-message\"><\/textarea><\/span>\n\t\t\t\t<\/p>\n\t\t\t<\/td>\n\t\t<\/tr>\n\t\t<tr>\n\t\t\t<td colspan=\"2\">\n\t\t\t\t<p><input class=\"wpcf7-form-control wpcf7-submit has-spinner\" type=\"submit\" value=\"J&#039;envoie le message\" \/>\n\t\t\t\t<\/p>\n\t\t\t<\/td>\n\t\t<\/tr>\n\t<\/table>\n<\/div><div class=\"wpcf7-response-output\" aria-hidden=\"true\"><\/div>\n<\/form>\n<\/div>\n<\/div>\n\t\t\t\t<\/div>\n\t\t\t\t<\/div>\n\t\t\t\t<\/div>\n\t\t<div class=\"elementor-element elementor-element-11c2fe6 e-con-full e-flex e-con e-child\" data-id=\"11c2fe6\" data-element_type=\"container\" data-settings=\"{&quot;content_width&quot;:&quot;full&quot;,&quot;container_type&quot;:&quot;flex&quot;}\">\n\t\t<div class=\"elementor-element elementor-element-aa1330b e-flex e-con-boxed e-con e-child\" data-id=\"aa1330b\" data-element_type=\"container\" data-settings=\"{&quot;container_type&quot;:&quot;flex&quot;,&quot;content_width&quot;:&quot;boxed&quot;}\">\n\t\t\t\t\t<div class=\"e-con-inner\">\n\t\t\t\t<div class=\"elementor-element elementor-element-d27ffb1 elementor-widget elementor-widget-text-editor\" data-id=\"d27ffb1\" data-element_type=\"widget\" data-widget_type=\"text-editor.default\">\n\t\t\t\t<div class=\"elementor-widget-container\">\n\t\t\t<style>\/*! elementor - v3.17.0 - 08-11-2023 *\/\n.elementor-widget-text-editor.elementor-drop-cap-view-stacked .elementor-drop-cap{background-color:#69727d;color:#fff}.elementor-widget-text-editor.elementor-drop-cap-view-framed .elementor-drop-cap{color:#69727d;border:3px solid;background-color:transparent}.elementor-widget-text-editor:not(.elementor-drop-cap-view-default) .elementor-drop-cap{margin-top:8px}.elementor-widget-text-editor:not(.elementor-drop-cap-view-default) .elementor-drop-cap-letter{width:1em;height:1em}.elementor-widget-text-editor .elementor-drop-cap{float:left;text-align:center;line-height:1;font-size:50px}.elementor-widget-text-editor .elementor-drop-cap-letter{display:inline-block}<\/style>\t\t\t\t<h3><span style=\"text-decoration: underline;\"><strong>AYLUS.MA &#8211; Contacts<\/strong><\/span><\/h3><h4>Pour toutes vos commandes ou renseignements veuillez nous joindre via les contacts suivants:<\/h4><div>\u00a0<\/div><p><span style=\"text-decoration: underline;\"><strong>Adresse Postale:<\/strong><\/span><\/p><p>Z.I Tassila A25 80000 <strong>AGADIR, MOROCCO\u00a0<\/strong><\/p><p><span style=\"text-decoration: underline;\"><strong> Email:<\/strong><\/span><\/p><p>Sales@aylusrefrigeration.com<\/p><p><span style=\"text-decoration: underline;\"><strong> T\u00e9l:<\/strong><\/span><\/p><p>00212 (0)7 00 098 098<\/p>\t\t\t\t\t\t<\/div>\n\t\t\t\t<\/div>\n\t\t\t\t<div class=\"elementor-element elementor-element-08f4896 elementor-widget elementor-widget-html\" data-id=\"08f4896\" data-element_type=\"widget\" data-widget_type=\"html.default\">\n\t\t\t\t<div class=\"elementor-widget-container\">\n\t\t\t<iframe src=\"https:\/\/www.google.com\/maps\/embed?pb=!1m14!1m8!1m3!1d13765.24713293266!2d-9.5281766!3d30.3988948!3m2!1i1024!2i768!4f13.1!3m3!1m2!1s0xdb3c9385693f46b%3A0x79a5679760fbf96c!2sAYLUS!5e0!3m2!1sfr!2sma!4v1708785005332!5m2!1sfr!2sma\" width=\"490\" height=\"400\" style=\"border:0;\" allowfullscreen=\"\" loading=\"lazy\" referrerpolicy=\"no-referrer-when-downgrade\"><\/iframe>\t\t<\/div>\n\t\t\t\t<\/div>\n\t\t\t\t<div class=\"elementor-element elementor-element-e40ddc5 elementor-widget elementor-widget-text-editor\" data-id=\"e40ddc5\" data-element_type=\"widget\" data-widget_type=\"text-editor.default\">\n\t\t\t\t<div class=\"elementor-widget-container\">\n\t\t\t\t\t\t\t\t\t\t\t\t\t<\/div>\n\t\t\t\t<\/div>\n\t\t\t\t\t<\/div>\n\t\t\t\t<\/div>\n\t\t<div class=\"elementor-element elementor-element-6b096e8 e-flex e-con-boxed e-con e-child\" data-id=\"6b096e8\" data-element_type=\"container\" data-settings=\"{&quot;container_type&quot;:&quot;flex&quot;,&quot;content_width&quot;:&quot;boxed&quot;}\">\n\t\t\t\t\t<div class=\"e-con-inner\">\n\t\t\t\t\t<\/div>\n\t\t\t\t<\/div>\n\t\t\t\t<\/div>\n\t\t\t\t\t<\/div>\n\t\t\t\t<\/div>\n\t\t\t\t\t\t\t<\/div>\n\t\t","protected":false},"excerpt":{"rendered":"<p>AYLUS.MA &#8211; Contacts Pour toutes vos commandes ou renseignements veuillez nous joindre via les contacts suivants: \u00a0 Adresse Postale: Z.I Tassila A25 80000 AGADIR, MOROCCO\u00a0 Email: Sales@aylusrefrigeration.com T\u00e9l: 00212 (0)7 00 098 098<\/p>\n","protected":false},"author":1,"featured_media":0,"parent":0,"menu_order":0,"comment_status":"closed","ping_status":"closed","template":"","meta":{"footnotes":""},"class_list":["post-25","page","type-page","status-publish","hentry"],"yoast_head":"<!-- This site is optimized with the Yoast SEO plugin v22.1 - https:\/\/yoast.com\/wordpress\/plugins\/seo\/ -->\n<title>Contactez-nous - AYLUS Maroc - La passion du froid<\/title>\n<meta name=\"robots\" content=\"index, follow, max-snippet:-1, max-image-preview:large, max-video-preview:-1\" \/>\n<link rel=\"canonical\" href=\"https:\/\/aylus.ma\/contactez-nous\/\" \/>\n<meta property=\"og:locale\" content=\"en_US\" \/>\n<meta property=\"og:type\" content=\"article\" \/>\n<meta property=\"og:title\" content=\"Contactez-nous\" \/>\n<meta property=\"og:description\" content=\"AYLUS.MA &#8211; Contacts Pour toutes vos commandes ou renseignements veuillez nous joindre via les contacts suivants: \u00a0 Adresse Postale: Z.I Tassila A25 80000 AGADIR, MOROCCO\u00a0 Email: Sales@aylusrefrigeration.com T\u00e9l: 00212 (0)7 00 098 098\" \/>\n<meta property=\"og:url\" content=\"https:\/\/aylus.ma\/contactez-nous\/\" \/>\n<meta property=\"og:site_name\" content=\"AYLUS Maroc - La passion du froid\" \/>\n<meta property=\"article:publisher\" content=\"https:\/\/web.facebook.com\/yassine.aylus\/\" \/>\n<meta property=\"article:modified_time\" content=\"2024-02-24T14:34:02+00:00\" \/>\n<meta name=\"twitter:card\" content=\"summary_large_image\" \/>\n<script type=\"application\/ld+json\" class=\"yoast-schema-graph\">{\"@context\":\"https:\/\/schema.org\",\"@graph\":[{\"@type\":\"WebPage\",\"@id\":\"https:\/\/aylus.ma\/contactez-nous\/\",\"url\":\"https:\/\/aylus.ma\/contactez-nous\/\",\"name\":\"[:fr]Contactez-nous[:] - AYLUS Maroc - La passion du froid\",\"isPartOf\":{\"@id\":\"https:\/\/aylus.ma\/#website\"},\"datePublished\":\"2023-11-09T21:24:48+00:00\",\"dateModified\":\"2024-02-24T14:34:02+00:00\",\"breadcrumb\":{\"@id\":\"https:\/\/aylus.ma\/contactez-nous\/#breadcrumb\"},\"inLanguage\":\"en-US\",\"potentialAction\":[{\"@type\":\"ReadAction\",\"target\":[\"https:\/\/aylus.ma\/contactez-nous\/\"]}]},{\"@type\":\"BreadcrumbList\",\"@id\":\"https:\/\/aylus.ma\/contactez-nous\/#breadcrumb\",\"itemListElement\":[{\"@type\":\"ListItem\",\"position\":1,\"name\":\"Accueil\",\"item\":\"https:\/\/aylus.ma\/\"},{\"@type\":\"ListItem\",\"position\":2,\"name\":\"Contactez-nous\"}]},{\"@type\":\"WebSite\",\"@id\":\"https:\/\/aylus.ma\/#website\",\"url\":\"https:\/\/aylus.ma\/\",\"name\":\"Aylus.ma - La passion du froid\",\"description\":\"\",\"publisher\":{\"@id\":\"https:\/\/aylus.ma\/#organization\"},\"potentialAction\":[{\"@type\":\"SearchAction\",\"target\":{\"@type\":\"EntryPoint\",\"urlTemplate\":\"https:\/\/aylus.ma\/?s={search_term_string}\"},\"query-input\":\"required name=search_term_string\"}],\"inLanguage\":\"en-US\"},{\"@type\":\"Organization\",\"@id\":\"https:\/\/aylus.ma\/#organization\",\"name\":\"Aylus.ma - La passion du froid\",\"url\":\"https:\/\/aylus.ma\/\",\"logo\":{\"@type\":\"ImageObject\",\"inLanguage\":\"en-US\",\"@id\":\"https:\/\/aylus.ma\/#\/schema\/logo\/image\/\",\"url\":\"https:\/\/aylus.ma\/wp-content\/uploads\/2023\/11\/cropped-aylus-logo-white-blue.png\",\"contentUrl\":\"https:\/\/aylus.ma\/wp-content\/uploads\/2023\/11\/cropped-aylus-logo-white-blue.png\",\"width\":890,\"height\":280,\"caption\":\"Aylus.ma - La passion du froid\"},\"image\":{\"@id\":\"https:\/\/aylus.ma\/#\/schema\/logo\/image\/\"},\"sameAs\":[\"https:\/\/web.facebook.com\/yassine.aylus\/\",\"https:\/\/linkedin.com\/company\/aylus-refrigeration\"]}]}<\/script>\n<!-- \/ Yoast SEO plugin. -->","yoast_head_json":{"title":"Contactez-nous - AYLUS Maroc - La passion du froid","robots":{"index":"index","follow":"follow","max-snippet":"max-snippet:-1","max-image-preview":"max-image-preview:large","max-video-preview":"max-video-preview:-1"},"canonical":"https:\/\/aylus.ma\/contactez-nous\/","og_locale":"en_US","og_type":"article","og_title":"[:fr]Contactez-nous[:] - AYLUS Maroc - La passion du froid","og_description":"AYLUS.MA &#8211; Contacts Pour toutes vos commandes ou renseignements veuillez nous joindre via les contacts suivants: \u00a0 Adresse Postale: Z.I Tassila A25 80000 AGADIR, MOROCCO\u00a0 Email: Sales@aylusrefrigeration.com T\u00e9l: 00212 (0)7 00 098 098","og_url":"https:\/\/aylus.ma\/contactez-nous\/","og_site_name":"AYLUS Maroc - La passion du froid","article_publisher":"https:\/\/web.facebook.com\/yassine.aylus\/","article_modified_time":"2024-02-24T14:34:02+00:00","twitter_card":"summary_large_image","schema":{"@context":"https:\/\/schema.org","@graph":[{"@type":"WebPage","@id":"https:\/\/aylus.ma\/contactez-nous\/","url":"https:\/\/aylus.ma\/contactez-nous\/","name":"[:fr]Contactez-nous[:] - AYLUS Maroc - La passion du froid","isPartOf":{"@id":"https:\/\/aylus.ma\/#website"},"datePublished":"2023-11-09T21:24:48+00:00","dateModified":"2024-02-24T14:34:02+00:00","breadcrumb":{"@id":"https:\/\/aylus.ma\/contactez-nous\/#breadcrumb"},"inLanguage":"en-US","potentialAction":[{"@type":"ReadAction","target":["https:\/\/aylus.ma\/contactez-nous\/"]}]},{"@type":"BreadcrumbList","@id":"https:\/\/aylus.ma\/contactez-nous\/#breadcrumb","itemListElement":[{"@type":"ListItem","position":1,"name":"Accueil","item":"https:\/\/aylus.ma\/"},{"@type":"ListItem","position":2,"name":"Contactez-nous"}]},{"@type":"WebSite","@id":"https:\/\/aylus.ma\/#website","url":"https:\/\/aylus.ma\/","name":"Aylus.ma - La passion du froid","description":"","publisher":{"@id":"https:\/\/aylus.ma\/#organization"},"potentialAction":[{"@type":"SearchAction","target":{"@type":"EntryPoint","urlTemplate":"https:\/\/aylus.ma\/?s={search_term_string}"},"query-input":"required name=search_term_string"}],"inLanguage":"en-US"},{"@type":"Organization","@id":"https:\/\/aylus.ma\/#organization","name":"Aylus.ma - La passion du froid","url":"https:\/\/aylus.ma\/","logo":{"@type":"ImageObject","inLanguage":"en-US","@id":"https:\/\/aylus.ma\/#\/schema\/logo\/image\/","url":"https:\/\/aylus.ma\/wp-content\/uploads\/2023\/11\/cropped-aylus-logo-white-blue.png","contentUrl":"https:\/\/aylus.ma\/wp-content\/uploads\/2023\/11\/cropped-aylus-logo-white-blue.png","width":890,"height":280,"caption":"Aylus.ma - La passion du froid"},"image":{"@id":"https:\/\/aylus.ma\/#\/schema\/logo\/image\/"},"sameAs":["https:\/\/web.facebook.com\/yassine.aylus\/","https:\/\/linkedin.com\/company\/aylus-refrigeration"]}]}},"_links":{"self":[{"href":"https:\/\/aylus.ma\/en\/wp-json\/wp\/v2\/pages\/25","targetHints":{"allow":["GET"]}}],"collection":[{"href":"https:\/\/aylus.ma\/en\/wp-json\/wp\/v2\/pages"}],"about":[{"href":"https:\/\/aylus.ma\/en\/wp-json\/wp\/v2\/types\/page"}],"author":[{"embeddable":true,"href":"https:\/\/aylus.ma\/en\/wp-json\/wp\/v2\/users\/1"}],"replies":[{"embeddable":true,"href":"https:\/\/aylus.ma\/en\/wp-json\/wp\/v2\/comments?post=25"}],"version-history":[{"count":18,"href":"https:\/\/aylus.ma\/en\/wp-json\/wp\/v2\/pages\/25\/revisions"}],"predecessor-version":[{"id":1722,"href":"https:\/\/aylus.ma\/en\/wp-json\/wp\/v2\/pages\/25\/revisions\/1722"}],"wp:attachment":[{"href":"https:\/\/aylus.ma\/en\/wp-json\/wp\/v2\/media?parent=25"}],"curies":[{"name":"wp","href":"https:\/\/api.w.org\/{rel}","templated":true}]}}