{"id":21,"date":"2023-11-09T21:24:48","date_gmt":"2023-11-09T21:24:48","guid":{"rendered":"https:\/\/aylus.ma\/?page_id=21"},"modified":"2023-11-20T21:24:59","modified_gmt":"2023-11-20T21:24:59","slug":"qui-sommes-nous","status":"publish","type":"page","link":"https:\/\/aylus.ma\/en\/qui-sommes-nous\/","title":{"rendered":"Qui Sommes-nous?"},"content":{"rendered":"\t\t<div data-elementor-type=\"wp-page\" data-elementor-id=\"21\" class=\"elementor elementor-21\">\n\t\t\t\t\t\t\t<div class=\"elementor-element elementor-element-a4e9855 e-flex e-con-boxed elementor-invisible e-con e-parent\" data-id=\"a4e9855\" data-element_type=\"container\" data-settings=\"{&quot;background_background&quot;:&quot;classic&quot;,&quot;shape_divider_top&quot;:&quot;opacity-tilt&quot;,&quot;animation&quot;:&quot;rollIn&quot;,&quot;container_type&quot;:&quot;flex&quot;,&quot;content_width&quot;:&quot;boxed&quot;}\" data-core-v316-plus=\"true\">\n\t\t\t\t\t<div class=\"e-con-inner\">\n\t\t\t\t<div class=\"elementor-shape elementor-shape-top\" data-negative=\"false\">\n\t\t\t<svg xmlns=\"http:\/\/www.w3.org\/2000\/svg\" viewBox=\"0 0 2600 131.1\" preserveAspectRatio=\"none\">\n\t<path class=\"elementor-shape-fill\" d=\"M0 0L2600 0 2600 69.1 0 0z\"\/>\n\t<path class=\"elementor-shape-fill\" style=\"opacity:0.5\" d=\"M0 0L2600 0 2600 69.1 0 69.1z\"\/>\n\t<path class=\"elementor-shape-fill\" style=\"opacity:0.25\" d=\"M2600 0L0 0 0 130.1 2600 69.1z\"\/>\n<\/svg>\t\t<\/div>\n\t\t<div class=\"elementor-element elementor-element-c283c46 e-con-full e-flex e-con e-child\" data-id=\"c283c46\" data-element_type=\"container\" data-settings=\"{&quot;content_width&quot;:&quot;full&quot;,&quot;container_type&quot;:&quot;flex&quot;}\">\n\t\t\t\t<div class=\"elementor-element elementor-element-21aa908 elementor-widget elementor-widget-text-editor\" data-id=\"21aa908\" data-element_type=\"widget\" data-widget_type=\"text-editor.default\">\n\t\t\t\t<div class=\"elementor-widget-container\">\n\t\t\t<style>\/*! elementor - v3.17.0 - 08-11-2023 *\/\n.elementor-widget-text-editor.elementor-drop-cap-view-stacked .elementor-drop-cap{background-color:#69727d;color:#fff}.elementor-widget-text-editor.elementor-drop-cap-view-framed .elementor-drop-cap{color:#69727d;border:3px solid;background-color:transparent}.elementor-widget-text-editor:not(.elementor-drop-cap-view-default) .elementor-drop-cap{margin-top:8px}.elementor-widget-text-editor:not(.elementor-drop-cap-view-default) .elementor-drop-cap-letter{width:1em;height:1em}.elementor-widget-text-editor .elementor-drop-cap{float:left;text-align:center;line-height:1;font-size:50px}.elementor-widget-text-editor .elementor-drop-cap-letter{display:inline-block}<\/style>\t\t\t\t<h3><span style=\"font-size: 24px;\"><b>\u00c0 PROPOS DE NOUS<\/b><\/span><br><\/h3>\n<h6>Avec plus de 20 ans d&#8217;exp\u00e9riences ,<span style=\"font-weight: 700;\">&nbsp;AYLUS<\/span>&nbsp;est une soci\u00e9t\u00e9 qui<br>op\u00e8re dans le domaine de la r\u00e9frig\u00e9ration industrielle et<br>commercial, elle a pour activit\u00e9 l\u2019\u00e9tude, la conception et la<br>r\u00e9alisation des solutions innovantes et \u00e9conomiques dans le<br>domaine de la r\u00e9frig\u00e9ration ,se distinguant par une offre de<br>produits de r\u00e9frig\u00e9ration tr\u00e8s complexe et unique, l&#8217;entreprise<br>est en mesure de concevoir et de fabriquer des produits non<br>standards selon les exigences du client.<br><span style=\"font-weight: 700;\">Chez Aylus<\/span>, nous allons au-del\u00e0 de l&#8217;ordinaire. Notre \u00e9quipe<br>qualifi\u00e9e d\u2019ing\u00e9nieurs et de techniciens en r\u00e9frig\u00e9ration,<br>collaborent dans la conception et la fabrication d\u2019\u00e9quipements<br>de r\u00e9frig\u00e9ration non standard, enti\u00e8rement personnalis\u00e9s pour<br>r\u00e9pondre aux besoins et d\u00e9fis uniques de chaque client.<\/h6>\t\t\t\t\t\t<\/div>\n\t\t\t\t<\/div>\n\t\t\t\t<\/div>\n\t\t<div class=\"elementor-element elementor-element-ea917a1 e-con-full e-flex e-con e-child\" data-id=\"ea917a1\" data-element_type=\"container\" data-settings=\"{&quot;content_width&quot;:&quot;full&quot;,&quot;container_type&quot;:&quot;flex&quot;}\">\n\t\t\t\t<div class=\"elementor-element elementor-element-6989534 elementor-invisible elementor-widget elementor-widget-image\" data-id=\"6989534\" data-element_type=\"widget\" data-settings=\"{&quot;_animation&quot;:&quot;slideInRight&quot;}\" data-widget_type=\"image.default\">\n\t\t\t\t<div class=\"elementor-widget-container\">\n\t\t\t<style>\/*! elementor - v3.17.0 - 08-11-2023 *\/\n.elementor-widget-image{text-align:center}.elementor-widget-image a{display:inline-block}.elementor-widget-image a img[src$=\".svg\"]{width:48px}.elementor-widget-image img{vertical-align:middle;display:inline-block}<\/style>\t\t\t\t\t\t\t\t\t\t\t\t<img fetchpriority=\"high\" decoding=\"async\" width=\"709\" height=\"680\" src=\"https:\/\/aylus.ma\/wp-content\/uploads\/2023\/11\/aylus-photo-about-us.png\" class=\"attachment-large size-large wp-image-48\" alt=\"About us Aylus\" srcset=\"https:\/\/aylus.ma\/wp-content\/uploads\/2023\/11\/aylus-photo-about-us.png 709w, https:\/\/aylus.ma\/wp-content\/uploads\/2023\/11\/aylus-photo-about-us-600x575.png 600w, https:\/\/aylus.ma\/wp-content\/uploads\/2023\/11\/aylus-photo-about-us-300x288.png 300w\" sizes=\"(max-width: 709px) 100vw, 709px\" \/>\t\t\t\t\t\t\t\t\t\t\t\t\t\t\t<\/div>\n\t\t\t\t<\/div>\n\t\t\t\t<\/div>\n\t\t\t\t\t<\/div>\n\t\t\t\t<\/div>\n\t\t<div class=\"elementor-element elementor-element-a8b01f2 e-flex e-con-boxed e-con e-parent\" data-id=\"a8b01f2\" data-element_type=\"container\" data-settings=\"{&quot;container_type&quot;:&quot;flex&quot;,&quot;content_width&quot;:&quot;boxed&quot;}\" data-core-v316-plus=\"true\">\n\t\t\t\t\t<div class=\"e-con-inner\">\n\t\t\t\t<div class=\"elementor-element elementor-element-d691925 elementor-widget-divider--separator-type-pattern elementor-widget-divider--bg-round elementor-widget-divider--view-line elementor-widget elementor-widget-divider\" data-id=\"d691925\" data-element_type=\"widget\" data-widget_type=\"divider.default\">\n\t\t\t\t<div class=\"elementor-widget-container\">\n\t\t\t<style>\/*! elementor - v3.17.0 - 08-11-2023 *\/\n.elementor-widget-divider{--divider-border-style:none;--divider-border-width:1px;--divider-color:#0c0d0e;--divider-icon-size:20px;--divider-element-spacing:10px;--divider-pattern-height:24px;--divider-pattern-size:20px;--divider-pattern-url:none;--divider-pattern-repeat:repeat-x}.elementor-widget-divider .elementor-divider{display:flex}.elementor-widget-divider .elementor-divider__text{font-size:15px;line-height:1;max-width:95%}.elementor-widget-divider .elementor-divider__element{margin:0 var(--divider-element-spacing);flex-shrink:0}.elementor-widget-divider .elementor-icon{font-size:var(--divider-icon-size)}.elementor-widget-divider .elementor-divider-separator{display:flex;margin:0;direction:ltr}.elementor-widget-divider--view-line_icon .elementor-divider-separator,.elementor-widget-divider--view-line_text .elementor-divider-separator{align-items:center}.elementor-widget-divider--view-line_icon .elementor-divider-separator:after,.elementor-widget-divider--view-line_icon .elementor-divider-separator:before,.elementor-widget-divider--view-line_text .elementor-divider-separator:after,.elementor-widget-divider--view-line_text .elementor-divider-separator:before{display:block;content:\"\";border-bottom:0;flex-grow:1;border-top:var(--divider-border-width) var(--divider-border-style) var(--divider-color)}.elementor-widget-divider--element-align-left .elementor-divider .elementor-divider-separator>.elementor-divider__svg:first-of-type{flex-grow:0;flex-shrink:100}.elementor-widget-divider--element-align-left .elementor-divider-separator:before{content:none}.elementor-widget-divider--element-align-left .elementor-divider__element{margin-left:0}.elementor-widget-divider--element-align-right .elementor-divider .elementor-divider-separator>.elementor-divider__svg:last-of-type{flex-grow:0;flex-shrink:100}.elementor-widget-divider--element-align-right .elementor-divider-separator:after{content:none}.elementor-widget-divider--element-align-right .elementor-divider__element{margin-right:0}.elementor-widget-divider:not(.elementor-widget-divider--view-line_text):not(.elementor-widget-divider--view-line_icon) .elementor-divider-separator{border-top:var(--divider-border-width) var(--divider-border-style) var(--divider-color)}.elementor-widget-divider--separator-type-pattern{--divider-border-style:none}.elementor-widget-divider--separator-type-pattern.elementor-widget-divider--view-line .elementor-divider-separator,.elementor-widget-divider--separator-type-pattern:not(.elementor-widget-divider--view-line) .elementor-divider-separator:after,.elementor-widget-divider--separator-type-pattern:not(.elementor-widget-divider--view-line) .elementor-divider-separator:before,.elementor-widget-divider--separator-type-pattern:not([class*=elementor-widget-divider--view]) .elementor-divider-separator{width:100%;min-height:var(--divider-pattern-height);-webkit-mask-size:var(--divider-pattern-size) 100%;mask-size:var(--divider-pattern-size) 100%;-webkit-mask-repeat:var(--divider-pattern-repeat);mask-repeat:var(--divider-pattern-repeat);background-color:var(--divider-color);-webkit-mask-image:var(--divider-pattern-url);mask-image:var(--divider-pattern-url)}.elementor-widget-divider--no-spacing{--divider-pattern-size:auto}.elementor-widget-divider--bg-round{--divider-pattern-repeat:round}.rtl .elementor-widget-divider .elementor-divider__text{direction:rtl}.e-con-inner>.elementor-widget-divider,.e-con>.elementor-widget-divider{width:var(--container-widget-width,100%);--flex-grow:var(--container-widget-flex-grow)}<\/style>\t\t<div class=\"elementor-divider\" style=\"--divider-pattern-url: url(&quot;data:image\/svg+xml,%3Csvg xmlns=&#039;http:\/\/www.w3.org\/2000\/svg&#039; preserveAspectRatio=&#039;none&#039; overflow=&#039;visible&#039; height=&#039;100%&#039; viewBox=&#039;0 0 60 30&#039; fill=&#039;black&#039; stroke=&#039;none&#039;%3E%3Crect x=&#039;15&#039; y=&#039;0&#039; width=&#039;30&#039; height=&#039;30&#039;\/%3E%3C\/svg%3E&quot;);\">\n\t\t\t<span class=\"elementor-divider-separator\">\n\t\t\t\t\t\t<\/span>\n\t\t<\/div>\n\t\t\t\t<\/div>\n\t\t\t\t<\/div>\n\t\t\t\t\t<\/div>\n\t\t\t\t<\/div>\n\t\t\t\t\t\t\t<\/div>\n\t\t","protected":false},"excerpt":{"rendered":"<p>\u00c0 PROPOS DE NOUS Avec plus de 20 ans d&#8217;exp\u00e9riences ,&nbsp;AYLUS&nbsp;est une soci\u00e9t\u00e9 quiop\u00e8re dans le domaine de la r\u00e9frig\u00e9ration industrielle etcommercial, elle a pour activit\u00e9 l\u2019\u00e9tude, la conception et lar\u00e9alisation des solutions innovantes et \u00e9conomiques dans ledomaine de la r\u00e9frig\u00e9ration ,se distinguant par une offre deproduits de r\u00e9frig\u00e9ration tr\u00e8s complexe et unique, l&#8217;entrepriseest en&hellip; <br \/> <a class=\"read-more\" href=\"https:\/\/aylus.ma\/en\/qui-sommes-nous\/\">Read more<\/a><\/p>\n","protected":false},"author":1,"featured_media":0,"parent":0,"menu_order":0,"comment_status":"closed","ping_status":"closed","template":"","meta":{"footnotes":""},"class_list":["post-21","page","type-page","status-publish","hentry"],"yoast_head":"<!-- This site is optimized with the Yoast SEO plugin v22.1 - https:\/\/yoast.com\/wordpress\/plugins\/seo\/ -->\n<title>Qui Sommes-nous? - AYLUS Maroc - La passion du froid<\/title>\n<meta name=\"robots\" content=\"index, follow, max-snippet:-1, max-image-preview:large, max-video-preview:-1\" \/>\n<link rel=\"canonical\" href=\"https:\/\/aylus.ma\/qui-sommes-nous\/\" \/>\n<meta property=\"og:locale\" content=\"en_US\" \/>\n<meta property=\"og:type\" content=\"article\" \/>\n<meta property=\"og:title\" content=\"Qui Sommes-nous?\" \/>\n<meta property=\"og:description\" content=\"\u00c0 PROPOS DE NOUS Avec plus de 20 ans d&#8217;exp\u00e9riences ,&nbsp;AYLUS&nbsp;est une soci\u00e9t\u00e9 quiop\u00e8re dans le domaine de la r\u00e9frig\u00e9ration industrielle etcommercial, elle a pour activit\u00e9 l\u2019\u00e9tude, la conception et lar\u00e9alisation des solutions innovantes et \u00e9conomiques dans ledomaine de la r\u00e9frig\u00e9ration ,se distinguant par une offre deproduits de r\u00e9frig\u00e9ration tr\u00e8s complexe et unique, l&#8217;entrepriseest en&hellip; Read more\" \/>\n<meta property=\"og:url\" content=\"https:\/\/aylus.ma\/qui-sommes-nous\/\" \/>\n<meta property=\"og:site_name\" content=\"AYLUS Maroc - La passion du froid\" \/>\n<meta property=\"article:publisher\" content=\"https:\/\/web.facebook.com\/yassine.aylus\/\" \/>\n<meta property=\"article:modified_time\" content=\"2023-11-20T21:24:59+00:00\" \/>\n<meta property=\"og:image\" content=\"https:\/\/aylus.ma\/wp-content\/uploads\/2023\/11\/aylus-photo-about-us.png\" \/>\n<meta name=\"twitter:card\" content=\"summary_large_image\" \/>\n<meta name=\"twitter:label1\" content=\"Est. reading time\" \/>\n\t<meta name=\"twitter:data1\" content=\"1 minute\" \/>\n<script type=\"application\/ld+json\" class=\"yoast-schema-graph\">{\"@context\":\"https:\/\/schema.org\",\"@graph\":[{\"@type\":\"WebPage\",\"@id\":\"https:\/\/aylus.ma\/qui-sommes-nous\/\",\"url\":\"https:\/\/aylus.ma\/qui-sommes-nous\/\",\"name\":\"[:fr]Qui Sommes-nous?[:] - AYLUS Maroc - La passion du froid\",\"isPartOf\":{\"@id\":\"https:\/\/aylus.ma\/#website\"},\"datePublished\":\"2023-11-09T21:24:48+00:00\",\"dateModified\":\"2023-11-20T21:24:59+00:00\",\"breadcrumb\":{\"@id\":\"https:\/\/aylus.ma\/qui-sommes-nous\/#breadcrumb\"},\"inLanguage\":\"en-US\",\"potentialAction\":[{\"@type\":\"ReadAction\",\"target\":[\"https:\/\/aylus.ma\/qui-sommes-nous\/\"]}]},{\"@type\":\"BreadcrumbList\",\"@id\":\"https:\/\/aylus.ma\/qui-sommes-nous\/#breadcrumb\",\"itemListElement\":[{\"@type\":\"ListItem\",\"position\":1,\"name\":\"Accueil\",\"item\":\"https:\/\/aylus.ma\/\"},{\"@type\":\"ListItem\",\"position\":2,\"name\":\"Qui Sommes-nous?\"}]},{\"@type\":\"WebSite\",\"@id\":\"https:\/\/aylus.ma\/#website\",\"url\":\"https:\/\/aylus.ma\/\",\"name\":\"Aylus.ma - La passion du froid\",\"description\":\"\",\"publisher\":{\"@id\":\"https:\/\/aylus.ma\/#organization\"},\"potentialAction\":[{\"@type\":\"SearchAction\",\"target\":{\"@type\":\"EntryPoint\",\"urlTemplate\":\"https:\/\/aylus.ma\/?s={search_term_string}\"},\"query-input\":\"required name=search_term_string\"}],\"inLanguage\":\"en-US\"},{\"@type\":\"Organization\",\"@id\":\"https:\/\/aylus.ma\/#organization\",\"name\":\"Aylus.ma - La passion du froid\",\"url\":\"https:\/\/aylus.ma\/\",\"logo\":{\"@type\":\"ImageObject\",\"inLanguage\":\"en-US\",\"@id\":\"https:\/\/aylus.ma\/#\/schema\/logo\/image\/\",\"url\":\"https:\/\/aylus.ma\/wp-content\/uploads\/2023\/11\/cropped-aylus-logo-white-blue.png\",\"contentUrl\":\"https:\/\/aylus.ma\/wp-content\/uploads\/2023\/11\/cropped-aylus-logo-white-blue.png\",\"width\":890,\"height\":280,\"caption\":\"Aylus.ma - La passion du froid\"},\"image\":{\"@id\":\"https:\/\/aylus.ma\/#\/schema\/logo\/image\/\"},\"sameAs\":[\"https:\/\/web.facebook.com\/yassine.aylus\/\",\"https:\/\/linkedin.com\/company\/aylus-refrigeration\"]}]}<\/script>\n<!-- \/ Yoast SEO plugin. -->","yoast_head_json":{"title":"Qui Sommes-nous? - AYLUS Maroc - La passion du froid","robots":{"index":"index","follow":"follow","max-snippet":"max-snippet:-1","max-image-preview":"max-image-preview:large","max-video-preview":"max-video-preview:-1"},"canonical":"https:\/\/aylus.ma\/qui-sommes-nous\/","og_locale":"en_US","og_type":"article","og_title":"[:fr]Qui Sommes-nous?[:] - AYLUS Maroc - La passion du froid","og_description":"\u00c0 PROPOS DE NOUS Avec plus de 20 ans d&#8217;exp\u00e9riences ,&nbsp;AYLUS&nbsp;est une soci\u00e9t\u00e9 quiop\u00e8re dans le domaine de la r\u00e9frig\u00e9ration industrielle etcommercial, elle a pour activit\u00e9 l\u2019\u00e9tude, la conception et lar\u00e9alisation des solutions innovantes et \u00e9conomiques dans ledomaine de la r\u00e9frig\u00e9ration ,se distinguant par une offre deproduits de r\u00e9frig\u00e9ration tr\u00e8s complexe et unique, l&#8217;entrepriseest en&hellip; Read more","og_url":"https:\/\/aylus.ma\/qui-sommes-nous\/","og_site_name":"AYLUS Maroc - La passion du froid","article_publisher":"https:\/\/web.facebook.com\/yassine.aylus\/","article_modified_time":"2023-11-20T21:24:59+00:00","og_image":[{"url":"https:\/\/aylus.ma\/wp-content\/uploads\/2023\/11\/aylus-photo-about-us.png"}],"twitter_card":"summary_large_image","twitter_misc":{"Est. reading time":"1 minute"},"schema":{"@context":"https:\/\/schema.org","@graph":[{"@type":"WebPage","@id":"https:\/\/aylus.ma\/qui-sommes-nous\/","url":"https:\/\/aylus.ma\/qui-sommes-nous\/","name":"[:fr]Qui Sommes-nous?[:] - AYLUS Maroc - La passion du froid","isPartOf":{"@id":"https:\/\/aylus.ma\/#website"},"datePublished":"2023-11-09T21:24:48+00:00","dateModified":"2023-11-20T21:24:59+00:00","breadcrumb":{"@id":"https:\/\/aylus.ma\/qui-sommes-nous\/#breadcrumb"},"inLanguage":"en-US","potentialAction":[{"@type":"ReadAction","target":["https:\/\/aylus.ma\/qui-sommes-nous\/"]}]},{"@type":"BreadcrumbList","@id":"https:\/\/aylus.ma\/qui-sommes-nous\/#breadcrumb","itemListElement":[{"@type":"ListItem","position":1,"name":"Accueil","item":"https:\/\/aylus.ma\/"},{"@type":"ListItem","position":2,"name":"Qui Sommes-nous?"}]},{"@type":"WebSite","@id":"https:\/\/aylus.ma\/#website","url":"https:\/\/aylus.ma\/","name":"Aylus.ma - La passion du froid","description":"","publisher":{"@id":"https:\/\/aylus.ma\/#organization"},"potentialAction":[{"@type":"SearchAction","target":{"@type":"EntryPoint","urlTemplate":"https:\/\/aylus.ma\/?s={search_term_string}"},"query-input":"required name=search_term_string"}],"inLanguage":"en-US"},{"@type":"Organization","@id":"https:\/\/aylus.ma\/#organization","name":"Aylus.ma - La passion du froid","url":"https:\/\/aylus.ma\/","logo":{"@type":"ImageObject","inLanguage":"en-US","@id":"https:\/\/aylus.ma\/#\/schema\/logo\/image\/","url":"https:\/\/aylus.ma\/wp-content\/uploads\/2023\/11\/cropped-aylus-logo-white-blue.png","contentUrl":"https:\/\/aylus.ma\/wp-content\/uploads\/2023\/11\/cropped-aylus-logo-white-blue.png","width":890,"height":280,"caption":"Aylus.ma - La passion du froid"},"image":{"@id":"https:\/\/aylus.ma\/#\/schema\/logo\/image\/"},"sameAs":["https:\/\/web.facebook.com\/yassine.aylus\/","https:\/\/linkedin.com\/company\/aylus-refrigeration"]}]}},"_links":{"self":[{"href":"https:\/\/aylus.ma\/en\/wp-json\/wp\/v2\/pages\/21","targetHints":{"allow":["GET"]}}],"collection":[{"href":"https:\/\/aylus.ma\/en\/wp-json\/wp\/v2\/pages"}],"about":[{"href":"https:\/\/aylus.ma\/en\/wp-json\/wp\/v2\/types\/page"}],"author":[{"embeddable":true,"href":"https:\/\/aylus.ma\/en\/wp-json\/wp\/v2\/users\/1"}],"replies":[{"embeddable":true,"href":"https:\/\/aylus.ma\/en\/wp-json\/wp\/v2\/comments?post=21"}],"version-history":[{"count":0,"href":"https:\/\/aylus.ma\/en\/wp-json\/wp\/v2\/pages\/21\/revisions"}],"wp:attachment":[{"href":"https:\/\/aylus.ma\/en\/wp-json\/wp\/v2\/media?parent=21"}],"curies":[{"name":"wp","href":"https:\/\/api.w.org\/{rel}","templated":true}]}}